{"id":35,"date":"2026-01-08T08:29:21","date_gmt":"2026-01-07T23:29:21","guid":{"rendered":"https:\/\/infobase.co.jp\/vi\/?page_id=35"},"modified":"2026-02-12T14:47:08","modified_gmt":"2026-02-12T05:47:08","slug":"service","status":"publish","type":"page","link":"https:\/\/infobase.co.jp\/vi\/service\/","title":{"rendered":"N\u1ed9i dung ho\u1ea1t \u0111\u1ed9ng kinh doanh"},"content":{"rendered":"\n<p>C\u00f4ng ty C\u1ed5 ph\u1ea7n InfoBase l\u00e0 m\u1ed9t doanh nghi\u1ec7p truy\u1ec1n th\u00f4ng chuy\u00ean cung c\u1ea5p th\u00f4ng tin v\u1ec1 kinh t\u1ebf Vi\u1ec7t Nam v\u00e0 th\u00f4ng tin doanh nghi\u1ec7p Vi\u1ec7t Nam d\u00e0nh cho c\u00e1c doanh nghi\u1ec7p Nh\u1eadt B\u1ea3n v\u00e0 nh\u00e0 \u0111\u1ea7u t\u01b0 Nh\u1eadt B\u1ea3n mong mu\u1ed1n ph\u00e1t tri\u1ec3n ho\u1ea1t \u0111\u1ed9ng kinh doanh t\u1ea1i Vi\u1ec7t Nam.<\/p>\n\n\n\n<div class=\"epb-columns epb-has-horizontal-scroll epb-has-hover-none wp-block-emanon-premium-blocks-column epb-has-hover-initial\" style=\"--epb-content-width:1180px;--epb-column-width-sp:100.0%;--epb-column-width-tablet:33.3%;--epb-column-width-pc:33.3%;--epb-columns-gap-left-right:16px;--epb-columns-gap-top-bottom:16px;--epb-column-corner:0px;--epb-column-border-style:none;--epb-column-border-width:2px;--epb-column-border-vertical-width:2px;--epb-columns-shift-position-sp:4px;--epb-columns-shift-position-tablet:4px;--epb-columns-shift-position-pc:4px\"><div class=\"epb-columns__inner\">\n\n\n<div class=\"epb-column\"><div class=\"epb-column__item\"><\/div><\/div>\n\n\n\n<div class=\"epb-column\"><div class=\"epb-column__item\"><\/div><\/div>\n<\/div><\/div>\n\n\n\n<div class=\"epb-broken-grid has-media-on-the-right has-mobile-aligned-image is-style-default wp-block-emanon-premium-blocks-broken-grid epb-margin-top__default epb-margin-top__default-sp epb-margin-top__default-tablet\" style=\"padding-top:0;padding-bottom:0;padding-left:0;padding-right:0\"><div class=\"epb-broken-grid__background is-vertically-aligned-top is-horizontally-aligned-left\" style=\"--epb-bg-vertical-sp:0%;--epb-bg-vertical-tablet:0%;--epb-bg-vertical:0%;--epb-bg-horizontal-sp:0%;--epb-bg-horizontal-tablet:0%;--epb-bg-horizontal:0%\"><\/div><div class=\"epb-broken-grid__media\"><div class=\"epb-broken-grid__media--inner epb-broken-grid__media--s is-style-epb-radius__0\" style=\"--epb-opacity:0.2;--epb-image-vertical-sp:0px;--epb-image-vertical-tablet:0px;--epb-image-vertical:0px;--epb-image-horizontal-sp:0%;--epb-image-horizontal-tablet:0%;--epb-image-horizontal:0%\"><div class=\"epb-broken-grid__media--background\" style=\"background-color:#e5e7e8;transform:translate(2%, 4%);width:100%;height:100%\"><\/div><img decoding=\"async\" loading=\"lazy\" src=\"http:\/\/infobase.co.jp\/vi\/wp-content\/uploads\/2026\/02\/22-2.png\" class=\"wp-image-null\"\/><\/div><\/div><div class=\"epb-broken-grid__content\" style=\"z-index:1;--epb-content-padding-top-sp:16px;--epb-content-padding-bottom-sp:16px;--epb-content-padding-left-sp:16px;--epb-content-padding-right-sp:16px;--epb-content-padding-top-tablet:16px;--epb-content-padding-bottom-tablet:16px;--epb-content-padding-left-tablet:16px;--epb-content-padding-right-tablet:16px;--epb-content-padding-top:16px;--epb-content-padding-bottom:16px;--epb-content-padding-left:0px;--epb-content-padding-right:16px;--epb-content-vertical-sp:0px;--epb-content-vertical-tablet:0px;--epb-content-vertical:0px;--epb-content-horizontal-sp:0%;--epb-content-horizontal-tablet:0%;--epb-content-horizontal:0%;--epb-content-border-type:solid;--epb-content-border-radius:0px;--epb-content-border-width:3px\"><div class=\"epb-broken-grid__content--inner epb-broken-grid__content--m\">\n<div class=\"epb-advanced-headling epb-alignment-left epb-sub-text-hover-animation-none wp-block-emanon-premium-blocks-advanced-headling\" style=\"--epb-headling-position:absolute;--epb-headling-font-size-sp:26px;--epb-headling-font-size-tablet:26px;--epb-headling-font-size-pc:26px;--epb-headling-letter-spacing:0.05em;--epb-headling-line-height:1;--epb-headling-font-weight:bold;--epb-headling-padding-top:0em;--epb-headling-padding-right:0em;--epb-headling-padding-bottom:0em;--epb-headling-padding-left:0em;--epb-headling-color:#333333;--epb-headling-background-color:rgb(255 255 255 \/ 1);--epb-headling-icon-color:#333333;--epb-sub-text-font-size-sp:14px;--epb-sub-text-font-size-tablet:14px;--epb-sub-text-font-size-pc:14px;--epb-sub-text-letter-spacing:0.05em;--epb-sub-text-line-height:1;--epb-sub-text-font-weight:normal;--epb-sub-text-gap:12px;--epb-sub-text-padding-top:0.2em;--epb-sub-text-padding-right:0em;--epb-sub-text-padding-bottom:0.2em;--epb-sub-text-padding-left:0em;--epb-sub-text-align-items:center;--epb-sub-text-color:#333333;--epb-sub-text-hover-color:#e5e7e8;--epb-headling-margin-right-pc:0;--epb-headling-margin-left-pc:0;--epb-data-headling-position-top-pc:0px;--epb-data-headling-position-left-pc:0px;--epb-headling-margin-right-tablet:0;--epb-headling-margin-left-tablet:0;--epb-data-headling-position-top-tablet:0px;--epb-data-headling-position-left-tablet:0px;--epb-headling-margin-right-sp:0;--epb-headling-margin-left-sp:0;--epb-data-headling-position-top-sp:0px;--epb-data-headling-position-left-sp:0px;--epb-data-headling-transform:unset;--epb-data-headling-z-index:0;--epb-data-headling-font-size-sp:26px;--epb-data-headling-font-size-tablet:26px;--epb-data-headling-font-size-pc:26px;--epb-data-headling-letter-spacing:0.05em;--epb-data-headling-line-height:1;--epb-data-headling-font-weight:normal;--epb-data-headling-font-style:normal;--epb-data-headling-padding-top:0.2em;--epb-data-headling-padding-right:0em;--epb-data-headling-padding-bottom:0.2em;--epb-data-headling-padding-left:0em;--epb-data-headling-color:rgb(51 51 51 \/ 1);--epb-headling-style-size:2;--epb-sub-text-style-size:2;--epb-data-headling-style-size:2;--epb-headling-style-color:#e5e7e8;--epb-sub-text-style-color:#e5e7e8;--epb-sub-text-style-hover-color:#e5e7e8;--epb-data-headling-style-color:rgb(255 255 255 \/ 1)\"><div class=\"epb-advanced-headling__inner epb-has-sub-text-bottom is-style-epb-headling-default is-style-epb-sub-text-default\"><h3 class=\"epb-advanced-headling__text no-icon\">Gi\u1ea3i ph\u00e1p tri th\u1ee9c v\u1ec1 kinh doanh Vi\u1ec7t Nam<\/h3><\/div><\/div>\n\n\n\n<ul class=\"wp-block-list\">\n<li>C\u00e1c gi\u1ea3i ph\u00e1p tri th\u1ee9c d\u00e0nh cho doanh nghi\u1ec7p Nh\u1eadt B\u1ea3n \u0111ang tham gia ho\u1eb7c quan t\u00e2m \u0111\u1ebfn th\u1ecb tr\u01b0\u1eddng Vi\u1ec7t Nam, cung c\u1ea5p s\u1ed1 li\u1ec7u th\u1ed1ng k\u00ea \u0111\u00e1ng tin c\u1eady v\u00e0 d\u1eef li\u1ec7u ng\u00e0nh v\u1ec1 ho\u1ea1t \u0111\u1ed9ng kinh doanh v\u00e0 doanh nghi\u1ec7p t\u1ea1i Vi\u1ec7t Nam, c\u00f9ng v\u1edbi th\u00f4ng tin b\u00e1o ch\u00ed \u0111\u1ecba ph\u01b0\u01a1ng v\u00e0 c\u00e1c b\u00e0i ph\u1ecfng v\u1ea5n doanh nghi\u1ec7p.<\/li>\n\n\n\n<li>\u0110\u1ed3ng th\u1eddi, d\u1ecbch v\u1ee5 n\u00e0y t\u1eadn d\u1ee5ng kinh nghi\u1ec7m, hi\u1ec3u bi\u1ebft v\u00e0 chuy\u00ean m\u00f4n \u0111\u01b0\u1ee3c t\u00edch l\u0169y qua h\u01a1n 10 n\u0103m theo d\u00f5i v\u00e0 ph\u00e2n t\u00edch th\u1ecb tr\u01b0\u1eddng Vi\u1ec7t Nam \u0111\u1ec3 mang l\u1ea1i gi\u00e1 tr\u1ecb th\u1ef1c ti\u1ec5n cho kh\u00e1ch h\u00e0ng.<\/li>\n<\/ul>\n\n\n\n<div class=\"epb-read-more epb-read-more-block-hover-animation-move-right epb-read-more-text-hover-animation-none epb-read-more-icon-hover-animation-move-right is-style-epb-border-solid is-style-epb-icon-style-none is-style-epb-icon-right\" style=\"--epb-read-more-justify-content:flex-start;--epb-read-more-width-size-sp:100%;--epb-read-more-width-size-tablet:100%;--epb-read-more-width-size-pc:100%;--epb-read-more-border-style:solid;--epb-read-more-border-width:2px;--epb-read-more-padding-top:4px;--epb-read-more-padding-right:0px;--epb-read-more-padding-bottom:4px;--epb-read-more-padding-left:19px;--epb-read-more-text-size-sp:16px;--epb-read-more-text-size-tablet:16px;--epb-read-more-text-size-pc:16px;--epb-read-more-icon-height-width:32px;--epb-read-more-icon-border-width:3px;--epb-read-more-icon-size-sp:16px;--epb-read-more-icon-size-tablet:16px;--epb-read-more-icon-size-pc:16px;--epb-read-more-text-color:#2948e2;--epb-read-more-icon-color:#2948e2;--epb-read-more-icon-style-color:#b8bcc0;--epb-read-more-border-color:#2948e2;--epb-read-more-text-hover-color:#ea2f55;--epb-read-more-icon-hover-color:#ea2f55;--epb-read-more-icon-style-hover-color:#b8bcc0;--epb-read-more-border-hover-color:#e5e7e8\"><a href=\"https:\/\/infobank-vn.com\" class=\"epb-read-more__link\"><div class=\"epb-read-more__inner\"><div class=\"epb-read-more__text\" style=\"line-height:1.5;letter-spacing:0.02em\" data-fontweight=\"bold\">Trang web d\u1ecbch v\u1ee5<\/div><div class=\"epb-read-more__icon\"> <i class=\"icon-chevron-right\"><\/i><\/div><\/div><\/a><\/div>\n<\/div><\/div><\/div>\n","protected":false},"excerpt":{"rendered":"<p>C\u00f4ng ty C\u1ed5 ph\u1ea7n InfoBase l\u00e0 m\u1ed9t doanh nghi\u1ec7p truy\u1ec1n th\u00f4ng chuy\u00ean cung c\u1ea5p th\u00f4ng tin v\u1ec1 kinh t\u1ebf Vi\u1ec7t Nam v\u00e0 th\u00f4 [&hellip;]<\/p>\n","protected":false},"author":1,"featured_media":361,"parent":0,"menu_order":0,"comment_status":"closed","ping_status":"closed","template":"","meta":{"content-type":"","footnotes":""},"class_list":["post-35","page","type-page","status-publish","has-post-thumbnail","hentry"],"_links":{"self":[{"href":"https:\/\/infobase.co.jp\/vi\/wp-json\/wp\/v2\/pages\/35","targetHints":{"allow":["GET"]}}],"collection":[{"href":"https:\/\/infobase.co.jp\/vi\/wp-json\/wp\/v2\/pages"}],"about":[{"href":"https:\/\/infobase.co.jp\/vi\/wp-json\/wp\/v2\/types\/page"}],"author":[{"embeddable":true,"href":"https:\/\/infobase.co.jp\/vi\/wp-json\/wp\/v2\/users\/1"}],"replies":[{"embeddable":true,"href":"https:\/\/infobase.co.jp\/vi\/wp-json\/wp\/v2\/comments?post=35"}],"version-history":[{"count":24,"href":"https:\/\/infobase.co.jp\/vi\/wp-json\/wp\/v2\/pages\/35\/revisions"}],"predecessor-version":[{"id":372,"href":"https:\/\/infobase.co.jp\/vi\/wp-json\/wp\/v2\/pages\/35\/revisions\/372"}],"wp:featuredmedia":[{"embeddable":true,"href":"https:\/\/infobase.co.jp\/vi\/wp-json\/wp\/v2\/media\/361"}],"wp:attachment":[{"href":"https:\/\/infobase.co.jp\/vi\/wp-json\/wp\/v2\/media?parent=35"}],"curies":[{"name":"wp","href":"https:\/\/api.w.org\/{rel}","templated":true}]}}