{"id":381,"date":"2026-02-13T07:38:40","date_gmt":"2026-02-13T00:38:40","guid":{"rendered":"https:\/\/infobase.co.jp\/vi\/?page_id=381"},"modified":"2026-02-13T08:03:23","modified_gmt":"2026-02-13T01:03:23","slug":"recruit-2","status":"publish","type":"page","link":"https:\/\/infobase.co.jp\/vi\/recruit-2\/","title":{"rendered":"Th\u00f4ng tin tuy\u1ec3n d\u1ee5ng"},"content":{"rendered":"\n<p>InfoBase \u0111ang t\u00ecm ki\u1ebfm nh\u1eefng th\u00e0nh vi\u00ean m\u1edbi c\u00f3 th\u1ec3 c\u00f9ng ch\u00fang t\u00f4i th\u00fac \u0111\u1ea9y s\u1ef1 ph\u00e1t tri\u1ec3n v\u00e0 k\u1ebft n\u1ed1i kinh doanh gi\u1eefa Vi\u1ec7t Nam v\u00e0 Nh\u1eadt B\u1ea3n.<\/p>\n\n\n\n<h2 class=\"wp-block-heading\">V\u1ec1 c\u00f4ng ty<\/h2>\n\n\n\n<h3 class=\"wp-block-heading\">Ch\u00fang t\u00f4i l\u00e0m g\u00ec?\uff08What\uff09<\/h3>\n\n\n\n<p>Ch\u00fang t\u00f4i v\u1eadn h\u00e0nh v\u00e0 ph\u00e1t tri\u1ec3n InfoBank \u2013 n\u1ec1n t\u1ea3ng media cung c\u1ea5p gi\u1ea3i ph\u00e1p tri th\u1ee9c (knowledge solution) chuy\u00ean ph\u00e1t h\u00e0nh th\u00f4ng tin kinh t\u1ebf v\u00e0 kinh doanh Vi\u1ec7t Nam d\u00e0nh cho c\u00e1c doanh nh\u00e2n v\u00e0 nh\u00e0 qu\u1ea3n l\u00fd ng\u01b0\u1eddi Nh\u1eadt. \u0110\u1ed3ng th\u1eddi, ch\u00fang t\u00f4i th\u1ef1c hi\u1ec7n nghi\u00ean c\u1ee9u th\u1ecb tr\u01b0\u1eddng v\u00e0 thu th\u1eadp th\u00f4ng tin t\u1ea1i Vi\u1ec7t Nam, c\u0169ng nh\u01b0 bi\u00ean so\u1ea1n v\u00e0 kinh doanh c\u00e1c b\u00e1o c\u00e1o chuy\u00ean s\u00e2u v\u1ec1 th\u1ecb tr\u01b0\u1eddng Vi\u1ec7t Nam.<\/p>\n\n\n\n<p>\u203b C\u00f4ng ty ch\u00fang t\u00f4i kh\u00f4ng ph\u1ea3i l\u00e0 c\u00f4ng ty t\u01b0 v\u1ea5n hay c\u00f4ng ty nghi\u00ean c\u1ee9u truy\u1ec1n th\u1ed1ng. Ch\u00fang t\u00f4i theo \u0111u\u1ed5i m\u00f4 h\u00ecnh kinh doanh m\u1edbi \u2013 \u201cknowledge solution\u201d \u2013 k\u1ebft h\u1ee3p gi\u1eefa media v\u00e0 n\u0103ng l\u1ef1c kh\u1ea3o s\u00e1t th\u1ef1c \u0111\u1ecba t\u1ea1i Vi\u1ec7t Nam.<\/p>\n\n\n\n<h3 class=\"wp-block-heading\">V\u00ec sao ch\u00fang t\u00f4i l\u00e0m \u0111i\u1ec1u n\u00e0y?\uff08Why\uff09<\/h3>\n\n\n\n<p>Th\u00f4ng qua vi\u1ec7c th\u00fac \u0111\u1ea9y v\u00e0 l\u00e0m s\u00e2u s\u1eafc h\u01a1n quan h\u1ec7 kinh doanh gi\u1eefa Vi\u1ec7t Nam v\u00e0 Nh\u1eadt B\u1ea3n, ch\u00fang t\u00f4i h\u01b0\u1edbng t\u1edbi \u0111\u00f3ng g\u00f3p cho s\u1ef1 ph\u00e1t tri\u1ec3n kinh t\u1ebf \u2013 x\u00e3 h\u1ed9i c\u1ee7a Vi\u1ec7t Nam v\u00e0 n\u00e2ng cao ch\u1ea5t l\u01b0\u1ee3ng cu\u1ed9c s\u1ed1ng t\u1ea1i Vi\u1ec7t Nam.<\/p>\n\n\n\n<h3 class=\"wp-block-heading\">Ch\u00fang t\u00f4i th\u1ef1c hi\u1ec7n b\u1eb1ng c\u00e1ch n\u00e0o?\uff08How\uff09<\/h3>\n\n\n\n<p>Ch\u00fang t\u00f4i \u1ee9ng d\u1ee5ng c\u00f4ng ngh\u1ec7 s\u1ed1 v\u00e0 c\u00e1c c\u00f4ng ngh\u1ec7 AI ti\u00ean ti\u1ebfn \u0111\u1ec3 ph\u00e2n t\u00edch v\u00e0 bi\u00ean t\u1eadp th\u00f4ng tin v\u1ec1 Vi\u1ec7t Nam, sau \u0111\u00f3 ph\u00e2n ph\u1ed1i qua n\u1ec1n t\u1ea3ng web media \u0111\u1ebfn c\u00e1c doanh nghi\u1ec7p Nh\u1eadt B\u1ea3n tr\u00ean to\u00e0n qu\u1ed1c \u2013 t\u1eeb doanh nghi\u1ec7p v\u1eeba v\u00e0 nh\u1ecf \u0111\u1ebfn c\u00e1c t\u1eadp \u0111o\u00e0n l\u1edbn \u2013 v\u1edbi ch\u1ea5t l\u01b0\u1ee3ng cao v\u00e0 m\u1ee9c gi\u00e1 c\u00f3 s\u1ee9c c\u1ea1nh tranh v\u01b0\u1ee3t tr\u1ed9i.<\/p>\n\n\n\n<h3 class=\"wp-block-heading\">\u0110i\u1ec3m h\u1ea5p d\u1eabn c\u1ee7a c\u00f4ng vi\u1ec7c<\/h3>\n\n\n\n<p>Trong khi nhi\u1ec1u c\u00f4ng vi\u1ec7c \u0111\u01b0\u1ee3c ph\u00e2n chia theo t\u1eebng kh\u00e2u, v\u1ecb tr\u00ed n\u00e0y cho ph\u00e9p b\u1ea1n tham gia xuy\u00ean su\u1ed1t to\u00e0n b\u1ed9 quy tr\u00ecnh:<br>nghi\u00ean c\u1ee9u th\u1ecb tr\u01b0\u1eddng \u2192 ph\u00e2n t\u00edch ng\u00e0nh &amp; \u0111\u1ed1i th\u1ee7 \u2192 l\u1eadp b\u00e1o c\u00e1o (PowerPoint) \u2192 vi\u1ebft &amp; bi\u00ean t\u1eadp b\u00e0i \u2192 v\u1eadn h\u00e0nh media.<\/p>\n\n\n\n<p>B\u1ea1n c\u00f3 th\u1ec3 \u0111\u1ed3ng th\u1eddi r\u00e8n luy\u1ec7n:<\/p>\n\n\n\n<ul class=\"wp-block-list\">\n<li>n\u0103ng l\u1ef1c thu th\u1eadp th\u00f4ng tin<\/li>\n\n\n\n<li>n\u0103ng l\u1ef1c c\u1ea5u tr\u00fac h\u00f3a v\u00e0 ph\u00e2n t\u00edch<\/li>\n\n\n\n<li>n\u0103ng l\u1ef1c truy\u1ec1n \u0111\u1ea1t v\u00e0 bi\u00ean t\u1eadp<\/li>\n<\/ul>\n\n\n\n<p>\u0110\u00e2y l\u00e0 c\u01a1 h\u1ed9i v\u1eeba h\u1ed7 tr\u1ee3 qu\u00e1 tr\u00ecnh m\u1edf r\u1ed9ng ra n\u01b0\u1edbc ngo\u00e0i c\u1ee7a doanh nghi\u1ec7p Nh\u1eadt B\u1ea3n, v\u1eeba \u0111\u00f3ng g\u00f3p v\u00e0o s\u1ef1 ph\u00e1t tri\u1ec3n c\u1ee7a kinh t\u1ebf Vi\u1ec7t Nam.<\/p>\n\n\n\n<p>Ch\u00fang t\u00f4i kh\u00f4ng ph\u1ea3i l\u00e0 \u201cc\u00f4ng ty nghi\u00ean c\u1ee9u truy\u1ec1n th\u1ed1ng\u201d, m\u00e0 l\u00e0 m\u1ed9t doanh nghi\u1ec7p media \u2013 research th\u1ebf h\u1ec7 m\u1edbi, \u1ee9ng d\u1ee5ng c\u00f4ng ngh\u1ec7 l\u00e0m n\u1ec1n t\u1ea3ng c\u1ed1t l\u00f5i.<\/p>\n\n\n\n<h2 class=\"wp-block-heading\">V\u1ec1 c\u00f4ng vi\u1ec7c<\/h2>\n\n\n\n<h3 class=\"wp-block-heading\">V\u1ecb tr\u00ed tuy\u1ec3n d\u1ee5ng<\/h3>\n\n\n\n<p>Chuy\u00ean vi\u00ean nghi\u00ean c\u1ee9u kinh t\u1ebf &amp; kinh doanh Vi\u1ec7t Nam \/ Ph\u1ee5 tr\u00e1ch vi\u1ebft v\u00e0 bi\u00ean t\u1eadp b\u00e0i vi\u1ebft<\/p>\n\n\n\n<h3 class=\"wp-block-heading\">N\u1ed9i dung c\u00f4ng vi\u1ec7c<\/h3>\n\n\n\n<ul class=\"wp-block-list\">\n<li>Li\u00ean h\u1ec7 v\u00e0 \u0111i\u1ec1u ph\u1ed1i ph\u1ecfng v\u1ea5n v\u1edbi c\u00e1c doanh nghi\u1ec7p t\u1ea1i Vi\u1ec7t Nam<\/li>\n\n\n\n<li>Th\u1ef1c hi\u1ec7n ph\u1ecfng v\u1ea5n l\u00e3nh \u0111\u1ea1o v\u00e0 ban \u0111i\u1ec1u h\u00e0nh doanh nghi\u1ec7p<\/li>\n\n\n\n<li>Nghi\u00ean c\u1ee9u th\u1ecb tr\u01b0\u1eddng t\u1ea1i Vi\u1ec7t Nam (ph\u00e2n t\u00edch ng\u00e0nh, ph\u00e2n t\u00edch \u0111\u1ed1i th\u1ee7 c\u1ea1nh tranh, kh\u1ea3o s\u00e1t t\u1ea1i \u0111i\u1ec3m b\u00e1n, v.v.)<\/li>\n\n\n\n<li>L\u1eadp b\u00e1o c\u00e1o kinh t\u1ebf Vi\u1ec7t Nam (d\u1ea1ng PowerPoint)<\/li>\n\n\n\n<li>So\u1ea1n th\u1ea3o b\u00e0i vi\u1ebft v\u00e0 b\u00e1o c\u00e1o (ch\u1ee7 y\u1ebfu b\u1eb1ng ti\u1ebfng Vi\u1ec7t)<\/li>\n\n\n\n<li>Tuy\u1ec3n d\u1ee5ng v\u00e0 \u0111\u00e0o t\u1ea1o th\u00e0nh vi\u00ean t\u1ea1i \u0111\u1ecba ph\u01b0\u01a1ng<\/li>\n<\/ul>\n\n\n\n<h2 class=\"wp-block-heading\">V\u1ec1 v\u0103n h\u00f3a c\u00f4ng ty<\/h2>\n\n\n\n<h3 class=\"wp-block-heading\">1. \u201cT\u0103ng tr\u01b0\u1edfng b\u1ec1n v\u1eefng\u201d thay v\u00ec \u201ct\u0103ng tr\u01b0\u1edfng n\u00f3ng\u201d<\/h3>\n\n\n\n<p>Ch\u00fang t\u00f4i l\u00e0 m\u1ed9t startup. Tuy nhi\u00ean, ch\u00fang t\u00f4i kh\u00f4ng theo \u0111u\u1ed5i vi\u1ec7c m\u1edf r\u1ed9ng nhanh trong ng\u1eafn h\u1ea1n.<\/p>\n\n\n\n<p>B\u1edfi v\u00ec hai \u01b0u ti\u00ean quan tr\u1ecdng nh\u1ea5t c\u1ee7a ch\u00fang t\u00f4i l\u00e0:<\/p>\n\n\n\n<ul class=\"wp-block-list\">\n<li>B\u1ea3o v\u1ec7 ch\u1ea5t l\u01b0\u1ee3ng c\u1ee7a c\u00e1c s\u1ea3n ph\u1ea9m v\u00e0 b\u00e1o c\u00e1o cung c\u1ea5p cho kh\u00e1ch h\u00e0ng<\/li>\n\n\n\n<li>H\u1ed7 tr\u1ee3 s\u1ef1 ph\u00e1t tri\u1ec3n b\u1ec1n v\u1eefng c\u1ee7a t\u1eebng nh\u00e2n vi\u00ean<\/li>\n<\/ul>\n\n\n\n<p>\u0110i\u1ec1u ch\u00fang t\u00f4i h\u01b0\u1edbng t\u1edbi kh\u00f4ng ph\u1ea3i l\u00e0 \u201cm\u1ed9t c\u00f4ng ty l\u1edbn nhanh ch\u00f3ng\u201d, m\u00e0 l\u00e0 \u201cm\u1ed9t c\u00f4ng ty \u0111\u01b0\u1ee3c tin t\u01b0\u1edfng l\u00e2u d\u00e0i\u201d.<\/p>\n\n\n\n<h3 class=\"wp-block-heading\">2. Gi\u00e1 tr\u1ecb l\u00e0 c\u00f9ng nhau tr\u1edf n\u00ean th\u1ecbnh v\u01b0\u1ee3ng<\/h3>\n\n\n\n<p>Ch\u00fang t\u00f4i kh\u00f4ng h\u01b0\u1edbng \u0111\u1ebfn vi\u1ec7c ch\u1ec9 doanh nghi\u1ec7p m\u00ecnh c\u00f3 l\u1ee3i nhu\u1eadn, m\u00e0 x\u00e2y d\u1ef1ng m\u1ed9t c\u01a1 ch\u1ebf trong \u0111\u00f3 kh\u00e1ch h\u00e0ng, x\u00e3 h\u1ed9i v\u00e0 ng\u01b0\u1eddi l\u00e0m vi\u1ec7c \u0111\u1ec1u c\u00f3 th\u1ec3 ph\u00e1t tri\u1ec3n b\u1ec1n v\u1eefng.<\/p>\n\n\n\n<ul class=\"wp-block-list\">\n<li>\u0110\u1ed1i v\u1edbi kh\u00e1ch h\u00e0ng: Cung c\u1ea5p th\u00f4ng tin th\u1ef1c s\u1ef1 c\u00f3 gi\u00e1 tr\u1ecb v\u1edbi m\u1ee9c gi\u00e1 h\u1ee3p l\u00fd<\/li>\n\n\n\n<li>\u0110\u1ed1i v\u1edbi x\u00e3 h\u1ed9i: G\u00f3p ph\u1ea7n th\u00fac \u0111\u1ea9y s\u1ef1 ph\u00e1t tri\u1ec3n kinh t\u1ebf Vi\u1ec7t Nam \u2013 Nh\u1eadt B\u1ea3n<\/li>\n\n\n\n<li>\u0110\u1ed1i v\u1edbi nh\u00e2n vi\u00ean: Cam k\u1ebft t\u1ea1o c\u01a1 h\u1ed9i ph\u00e1t tri\u1ec3n v\u00e0 h\u1ec7 th\u1ed1ng \u0111\u00e1nh gi\u00e1 c\u00f4ng b\u1eb1ng<\/li>\n<\/ul>\n\n\n\n<h3 class=\"wp-block-heading\">3. V\u00ec sao \u01b0u ti\u00ean ch\u1ea5t l\u01b0\u1ee3ng v\u00e0 \u0111\u00e0o t\u1ea1o h\u01a1n t\u0103ng tr\u01b0\u1edfng n\u00f3ng<\/h3>\n\n\n\n<p>Ch\u00fang t\u00f4i kh\u00f4ng v\u1eadn h\u00e0nh theo t\u01b0 duy \u201cm\u1edf r\u1ed9ng b\u1eb1ng m\u1ecdi gi\u00e1\u201d th\u01b0\u1eddng th\u1ea5y \u1edf nhi\u1ec1u startup.<\/p>\n\n\n\n<p>Vi\u1ec7c m\u1edf r\u1ed9ng thi\u1ebfu ki\u1ec3m so\u00e1t d\u1ec5 d\u1eabn \u0111\u1ebfn:<\/p>\n\n\n\n<ul class=\"wp-block-list\">\n<li>Suy gi\u1ea3m ch\u1ea5t l\u01b0\u1ee3ng s\u1ea3n ph\u1ea9m<\/li>\n\n\n\n<li>\u00c1p l\u1ef1c qu\u00e1 m\u1ee9c cho nh\u00e2n vi\u00ean<\/li>\n\n\n\n<li>V\u0103n h\u00f3a \u0111\u1eb7t con s\u1ed1 ng\u1eafn h\u1ea1n l\u00ean tr\u00ean gi\u00e1 tr\u1ecb d\u00e0i h\u1ea1n<\/li>\n<\/ul>\n\n\n\n<h3 class=\"wp-block-heading\">4. Ch\u1ec9 t\u0103ng tr\u01b0\u1edfng trong ph\u1ea1m vi c\u00f3 th\u1ec3 c\u00e2n b\u1eb1ng<\/h3>\n\n\n\n<p>Ch\u00fang t\u00f4i ch\u1ec9 t\u0103ng tr\u01b0\u1edfng trong ph\u1ea1m vi c\u00f3 th\u1ec3 \u0111\u1ed3ng th\u1eddi \u0111\u1ea3m b\u1ea3o:<br>gi\u00e1 tr\u1ecb mang l\u1ea1i cho kh\u00e1ch h\u00e0ng v\u00e0 s\u1ef1 ph\u00e1t tri\u1ec3n c\u1ee7a nh\u00e2n vi\u00ean.<\/p>\n\n\n\n<p>\u0110\u00e1nh gi\u00e1 d\u1ef1a tr\u00ean gi\u00e1 tr\u1ecb t\u1ea1o ra, kh\u00f4ng d\u1ef1a tr\u00ean qu\u1ed1c t\u1ecbch.<\/p>\n\n\n\n<p>Gi\u1eefa Nh\u1eadt B\u1ea3n v\u00e0 Vi\u1ec7t Nam hi\u1ec7n v\u1eabn t\u1ed3n t\u1ea1i kho\u1ea3ng c\u00e1ch v\u1ec1 thu nh\u1eadp.<br>\u0110i\u1ec1u ch\u00fang t\u00f4i h\u01b0\u1edbng t\u1edbi l\u00e0:<\/p>\n\n\n\n<ul class=\"wp-block-list\">\n<li>H\u1ec7 th\u1ed1ng \u0111\u00e1nh gi\u00e1 d\u1ef1a tr\u00ean \u201cgi\u00e1 tr\u1ecb t\u1ea1o ra\u201d, kh\u00f4ng ph\u1ee5 thu\u1ed9c qu\u1ed1c t\u1ecbch hay n\u01a1i l\u00e0m vi\u1ec7c<\/li>\n\n\n\n<li>C\u01a1 ch\u1ebf minh b\u1ea1ch, trong \u0111\u00f3 hi\u1ec7u su\u1ea5t \u0111\u01b0\u1ee3c ph\u1ea3n \u00e1nh c\u00f4ng b\u1eb1ng v\u00e0o thu nh\u1eadp<\/li>\n\n\n\n<li>M\u1ed9t t\u1ed5 ch\u1ee9c c\u00f3 th\u1ec3 t\u1eebng b\u01b0\u1edbc thu h\u1eb9p kho\u1ea3ng c\u00e1ch thu nh\u1eadp Nh\u1eadt \u2013 Vi\u1ec7t b\u1eb1ng ch\u00ednh n\u0103ng l\u1ef1c v\u00e0 gi\u00e1 tr\u1ecb th\u1ef1c t\u1ebf t\u1ea1o ra<\/li>\n<\/ul>\n\n\n\n<p>Ch\u00fang t\u00f4i x\u00e2y d\u1ef1ng m\u1ed9t m\u00f4i tr\u01b0\u1eddng n\u01a1i n\u0103ng l\u1ef1c, n\u1ed7 l\u1ef1c v\u00e0 gi\u00e1 tr\u1ecb \u0111\u00f3ng g\u00f3p l\u00e0 ti\u00eau chu\u1ea9n duy nh\u1ea5t \u0111\u1ec3 \u0111\u00e1nh gi\u00e1.<\/p>\n\n\n\n<h2 class=\"wp-block-heading\">\u0110i\u1ec1u ki\u1ec7n tuy\u1ec3n d\u1ee5ng<\/h2>\n\n\n\n<h3 class=\"wp-block-heading\"> H\u00ecnh m\u1eabu \u1ee9ng vi\u00ean mong mu\u1ed1n<\/h3>\n\n\n\n<ul class=\"wp-block-list\">\n<li>C\u00f3 tinh th\u1ea7n hi\u1ebfu k\u1ef3 tri th\u1ee9c m\u1ea1nh m\u1ebd, y\u00eau th\u00edch t\u00ecm t\u00f2i v\u00e0 nghi\u00ean c\u1ee9u<\/li>\n\n\n\n<li>C\u00f3 kh\u1ea3 n\u0103ng giao ti\u1ebfp v\u00e0 \u0111\u1ed1i tho\u1ea1i v\u1edbi l\u00e3nh \u0111\u1ea1o doanh nghi\u1ec7p<\/li>\n\n\n\n<li>C\u00f3 kh\u1ea3 n\u0103ng ph\u00e2n bi\u1ec7t r\u00f5 gi\u1eefa s\u1ef1 ki\u1ec7n (fact) v\u00e0 quan \u0111i\u1ec3m (opinion), \u0111\u1ed3ng th\u1eddi t\u01b0 duy logic, c\u00f3 c\u1ea5u tr\u00fac<\/li>\n\n\n\n<li>C\u00f3 kh\u1ea3 n\u0103ng l\u00e0m vi\u1ec7c \u0111\u1ed9c l\u1eadp, ch\u1ee7 \u0111\u1ed9ng<\/li>\n\n\n\n<li>C\u00f3 \u0111\u1ecbnh h\u01b0\u1edbng ph\u00e1t tri\u1ec3n d\u00e0i h\u1ea1n<\/li>\n<\/ul>\n\n\n\n<h3 class=\"wp-block-heading\">\u25a0\u0110i\u1ec1u ki\u1ec7n \u1ee9ng tuy\u1ec3n<\/h3>\n\n\n\n<p><strong>\u3010Y\u00eau c\u1ea7u b\u1eaft bu\u1ed9c\u3011<\/strong><\/p>\n\n\n\n<ul class=\"wp-block-list\">\n<li>T\u1ed1t nghi\u1ec7p \u0111\u1ea1i h\u1ecdc tr\u1edf l\u00ean<\/li>\n\n\n\n<li>Tr\u00ecnh \u0111\u1ed9 ti\u1ebfng Nh\u1eadt JLPT N2 tr\u1edf l\u00ean (\u01b0u ti\u00ean N1)<\/li>\n\n\n\n<li>Tr\u00ecnh \u0111\u1ed9 ti\u1ebfng Vi\u1ec7t \u1edf m\u1ee9c kinh doanh<\/li>\n\n\n\n<li>C\u00f3 s\u1ef1 quan t\u00e2m m\u1ea1nh m\u1ebd \u0111\u1ebfn nghi\u00ean c\u1ee9u, ph\u00e2n t\u00edch l\u0129nh v\u1ef1c kinh t\u1ebf \u2013 kinh doanh v\u00e0 vi\u1ebft b\u00e0i cho media ph\u1ee5c v\u1ee5 doanh nghi\u1ec7p Nh\u1eadt B\u1ea3n<\/li>\n<\/ul>\n\n\n\n<p><strong>\u3010\u01afu ti\u00ean\u3011<\/strong><\/p>\n\n\n\n<ul class=\"wp-block-list\">\n<li>C\u00f3 kinh nghi\u1ec7m t\u1ea1i c\u00f4ng ty truy\u1ec1n th\u00f4ng (media), c\u00f4ng ty nghi\u00ean c\u1ee9u ho\u1eb7c c\u00f4ng ty t\u01b0 v\u1ea5n<\/li>\n\n\n\n<li>C\u00f3 kinh nghi\u1ec7m vi\u1ebft v\u00e0 bi\u00ean t\u1eadp b\u00e0i<\/li>\n<\/ul>\n\n\n\n<h3 class=\"wp-block-heading\">\u0110i\u1ec1u ki\u1ec7n l\u00e0m vi\u1ec7c<\/h3>\n\n\n\n<ul class=\"wp-block-list\">\n<li><strong>H\u00ecnh th\u1ee9c l\u00e0m vi\u1ec7c:<\/strong> To\u00e0n th\u1eddi gian (c\u00f3 th\u1ec3 trao \u0111\u1ed5i n\u1ebfu l\u00e0m b\u00e1n th\u1eddi gian)<\/li>\n\n\n\n<li><strong>\u0110\u1ecba \u0111i\u1ec3m l\u00e0m vi\u1ec7c:<\/strong> TP. H\u1ed3 Ch\u00ed Minh ho\u1eb7c H\u00e0 N\u1ed9i (c\u00f3 th\u1ec3 l\u00e0m vi\u1ec7c t\u1eeb xa)<\/li>\n\n\n\n<li><strong>M\u1ee9c l\u01b0\u01a1ng:<\/strong> Th\u1ecfa thu\u1eadn d\u1ef1a tr\u00ean kinh nghi\u1ec7m v\u00e0 n\u0103ng l\u1ef1c trong qu\u00e1 tr\u00ecnh ph\u1ecfng v\u1ea5n<br>\u203b C\u00f3 ch\u1ebf \u0111\u1ed9 th\u01b0\u1edfng theo hi\u1ec7u su\u1ea5t (incentive)<\/li>\n\n\n\n<li><strong>Th\u1eddi gian th\u1eed vi\u1ec7c:<\/strong> C\u00f3 (chi ti\u1ebft trao \u0111\u1ed5i khi ph\u1ecfng v\u1ea5n)<\/li>\n\n\n\n<li><strong>B\u1ea3o hi\u1ec3m x\u00e3 h\u1ed9i:<\/strong> \u00c1p d\u1ee5ng theo quy \u0111\u1ecbnh c\u1ee7a Lu\u1eadt Lao \u0111\u1ed9ng Vi\u1ec7t Nam<\/li>\n<\/ul>\n\n\n\n<div class=\"wp-block-buttons is-content-justification-center is-layout-flex wp-container-core-buttons-is-layout-a89b3969 wp-block-buttons-is-layout-flex\">\n<div class=\"wp-block-button has-custom-width wp-block-button__width-25\"><a class=\"wp-block-button__link has-background wp-element-button\" href=\"https:\/\/infobase.co.jp\/vi\/form-ung-tuyen\/\" style=\"background-color:#c9a333\">\u1ee8ng tuy\u1ec3n t\u1ea1i \u0111\u00e2y<\/a><\/div>\n<\/div>\n\n\n\n<p><\/p>\n","protected":false},"excerpt":{"rendered":"<p>InfoBase \u0111ang t\u00ecm ki\u1ebfm nh\u1eefng th\u00e0nh vi\u00ean m\u1edbi c\u00f3 th\u1ec3 c\u00f9ng ch\u00fang t\u00f4i th\u00fac \u0111\u1ea9y s\u1ef1 ph\u00e1t tri\u1ec3n v\u00e0 k\u1ebft n\u1ed1i kinh doanh [&hellip;]<\/p>\n","protected":false},"author":1,"featured_media":361,"parent":0,"menu_order":0,"comment_status":"closed","ping_status":"closed","template":"","meta":{"content-type":"","footnotes":""},"class_list":["post-381","page","type-page","status-publish","has-post-thumbnail","hentry"],"_links":{"self":[{"href":"https:\/\/infobase.co.jp\/vi\/wp-json\/wp\/v2\/pages\/381","targetHints":{"allow":["GET"]}}],"collection":[{"href":"https:\/\/infobase.co.jp\/vi\/wp-json\/wp\/v2\/pages"}],"about":[{"href":"https:\/\/infobase.co.jp\/vi\/wp-json\/wp\/v2\/types\/page"}],"author":[{"embeddable":true,"href":"https:\/\/infobase.co.jp\/vi\/wp-json\/wp\/v2\/users\/1"}],"replies":[{"embeddable":true,"href":"https:\/\/infobase.co.jp\/vi\/wp-json\/wp\/v2\/comments?post=381"}],"version-history":[{"count":5,"href":"https:\/\/infobase.co.jp\/vi\/wp-json\/wp\/v2\/pages\/381\/revisions"}],"predecessor-version":[{"id":393,"href":"https:\/\/infobase.co.jp\/vi\/wp-json\/wp\/v2\/pages\/381\/revisions\/393"}],"wp:featuredmedia":[{"embeddable":true,"href":"https:\/\/infobase.co.jp\/vi\/wp-json\/wp\/v2\/media\/361"}],"wp:attachment":[{"href":"https:\/\/infobase.co.jp\/vi\/wp-json\/wp\/v2\/media?parent=381"}],"curies":[{"name":"wp","href":"https:\/\/api.w.org\/{rel}","templated":true}]}}