{"id":55,"date":"2026-01-08T08:27:43","date_gmt":"2026-01-07T23:27:43","guid":{"rendered":"https:\/\/infobase.co.jp\/vi\/?page_id=55"},"modified":"2026-02-12T14:27:56","modified_gmt":"2026-02-12T05:27:56","slug":"philosophy","status":"publish","type":"page","link":"https:\/\/infobase.co.jp\/vi\/company\/philosophy\/","title":{"rendered":"Tri\u1ebft l\u00fd doanh nghi\u1ec7p"},"content":{"rendered":"\n<div class=\"epb-columns epb-has-horizontal-scroll epb-has-hover-none wp-block-emanon-premium-blocks-column epb-has-hover-initial\" style=\"--epb-content-width:1180px;--epb-column-width-sp:100.0%;--epb-column-width-tablet:33.3%;--epb-column-width-pc:33.3%;--epb-columns-gap-left-right:16px;--epb-columns-gap-top-bottom:16px;--epb-column-corner:0px;--epb-column-border-style:none;--epb-column-border-width:2px;--epb-column-border-vertical-width:2px;--epb-columns-shift-position-sp:4px;--epb-columns-shift-position-tablet:4px;--epb-columns-shift-position-pc:4px\"><div class=\"epb-columns__inner\">\n<div class=\"epb-column wp-block-emanon-premium-blocks-column-template\"><div class=\"epb-column__item\">\n<div class=\"epb-panel-box epb-panel-box-hover-initial is-style-epb-panel-box-style-none wp-block-emanon-premium-blocks-panel-box\" style=\"--epb-panel-box-padding-top:16px;--epb-panel-box-padding-right:16px;--epb-panel-box-padding-bottom:16px;--epb-panel-box-padding-left:16px;--epb-panel-box-width-size-sp:100%;--epb-panel-box-width-size-tablet:100%;--epb-panel-box-width-size-pc:100%;--epb-panel-box-body-text-color:#333333;--epb-panel-box-body-background-color:rgb(255 255 255 \/ 1);--epb-panel-box-border-style:none;--epb-panel-box-border-width-top:1px;--epb-panel-box-border-width-bottom:1px;--epb-panel-box-border-width-left:1px;--epb-panel-box-border-width-right:1px;--epb-panel-box-border-radius-top:3px;--epb-panel-box-border-radius-right:3px;--epb-panel-box-border-radius-bottom:3px;--epb-panel-box-border-radius-left:3px;--epb-panel-box-border-color:#eeeff0;--epb-panel-box-border-hover-color:#eeeff0;--epb-panel-box-body-text-hover-color:#333333;--epb-panel-box-body-background-hover-color:rgb(238 239 240 \/ 1);--epb-shadow-offset-x:0px;--epb-shadow-offset-y:1px;--epb-shadow-blur:3px;--epb-shadow-spread:1px;--epb-shadow-color:rgb(238 239 240 \/ 1);--epb-panel-box-style-size:1px;--epb-panel-box-style-color:#333333;--epb-panel-box-style-hover-color:#333333\"><div class=\"epb-panel-box__inner\">\n<div class=\"epb-icon-link epb-alignment-center is-style-epb-icon-hover-animation-none\" style=\"--epb-icon-width-sp:40px;--epb-icon-width-tablet:40px;--epb-icon-width-pc:40px;--epb-icon-rotation:0deg;--epb-icon-padding-top:20px;--epb-icon-padding-right:20px;--epb-icon-padding-bottom:20px;--epb-icon-padding-left:20px;--epb-icon-border-style:none;--epb-icon-border-width-top:2px;--epb-icon-border-width-bottom:2px;--epb-icon-border-width-left:2px;--epb-icon-border-width-right:2px;--epb-icon-border-radius-top:50%;--epb-icon-border-radius-right:50%;--epb-icon-border-radius-bottom:50%;--epb-icon-border-radius-left:50%;--epb-icon-color:#ffffff;--epb-icon-border-color:#e5e7e8;--epb-icon-background:#16169b\"><div class=\"epb-icon-link__inner\"><svg xmlns=\"http:\/\/www.w3.org\/2000\/svg\" viewBox=\"0 0 32 32\" aria-hidden=\"true\"><path d=\"M0 26h32v4h-32zM4 18h4v6h-4zM10 10h4v14h-4zM16 16h4v8h-4zM22 4h4v20h-4z\"><\/path><\/svg><\/div><\/div>\n\n\n\n<div class=\"epb-spacer epb-space-margin-top\" style=\"--epb-space-height-sp:50px;--epb-space-height-tablet:50px;--epb-space-height-pc:16px;--epb-space-width-sp:100%;--epb-space-width-tablet:100%;--epb-space-width-pc:100%;--epb-space-margin-sp:-0px;--epb-space-margin-tablet:-0px;--epb-space-margin-pc:-0px\"><\/div>\n\n\n\n<div class=\"epb-advanced-headling epb-alignment-center epb-alignment-headling-center epb-sub-text-hover-animation-none wp-block-emanon-premium-blocks-advanced-headling\" style=\"--epb-headling-position:absolute;--epb-headling-font-size-sp:26px;--epb-headling-font-size-tablet:26px;--epb-headling-font-size-pc:26px;--epb-headling-letter-spacing:0.05em;--epb-headling-line-height:1.5;--epb-headling-font-weight:bold;--epb-headling-padding-top:0em;--epb-headling-padding-right:0em;--epb-headling-padding-bottom:0em;--epb-headling-padding-left:0em;--epb-headling-color:#333333;--epb-headling-background-color:rgb(255 255 255 \/ 1);--epb-headling-icon-color:#333333;--epb-sub-text-font-size-sp:14px;--epb-sub-text-font-size-tablet:14px;--epb-sub-text-font-size-pc:14px;--epb-sub-text-letter-spacing:0.05em;--epb-sub-text-line-height:1;--epb-sub-text-font-weight:normal;--epb-sub-text-gap:12px;--epb-sub-text-padding-top:0.2em;--epb-sub-text-padding-right:0em;--epb-sub-text-padding-bottom:0.2em;--epb-sub-text-padding-left:0em;--epb-sub-text-align-items:center;--epb-sub-text-color:#333333;--epb-sub-text-hover-color:#e5e7e8;--epb-headling-margin-right-pc:0;--epb-headling-margin-left-pc:0;--epb-data-headling-position-top-pc:0px;--epb-data-headling-position-left-pc:0px;--epb-headling-margin-right-tablet:0;--epb-headling-margin-left-tablet:0;--epb-data-headling-position-top-tablet:0px;--epb-data-headling-position-left-tablet:0px;--epb-headling-margin-right-sp:0;--epb-headling-margin-left-sp:0;--epb-data-headling-position-top-sp:0px;--epb-data-headling-position-left-sp:0px;--epb-data-headling-transform:unset;--epb-data-headling-z-index:0;--epb-data-headling-font-size-sp:26px;--epb-data-headling-font-size-tablet:26px;--epb-data-headling-font-size-pc:26px;--epb-data-headling-letter-spacing:0.05em;--epb-data-headling-line-height:1;--epb-data-headling-font-weight:normal;--epb-data-headling-font-style:normal;--epb-data-headling-padding-top:0.2em;--epb-data-headling-padding-right:0em;--epb-data-headling-padding-bottom:0.2em;--epb-data-headling-padding-left:0em;--epb-data-headling-color:rgb(51 51 51 \/ 1);--epb-headling-style-size:2;--epb-sub-text-style-size:2;--epb-data-headling-style-size:2;--epb-headling-style-color:#e5e7e8;--epb-sub-text-style-color:#e5e7e8;--epb-sub-text-style-hover-color:#e5e7e8;--epb-data-headling-style-color:rgb(255 255 255 \/ 1)\"><div class=\"epb-advanced-headling__inner epb-has-sub-text-bottom is-style-epb-headling-default is-style-epb-sub-text-default\"><h3 class=\"epb-advanced-headling__text no-icon\">T\u1ea7m nh\u00ecn<\/h3><\/div><\/div>\n\n\n\n<div class=\"epb-spacer epb-space-margin-top\" style=\"--epb-space-height-sp:50px;--epb-space-height-tablet:50px;--epb-space-height-pc:16px;--epb-space-width-sp:100%;--epb-space-width-tablet:100%;--epb-space-width-pc:100%;--epb-space-margin-sp:-0px;--epb-space-margin-tablet:-0px;--epb-space-margin-pc:-0px\"><\/div>\n\n\n\n<ul class=\"wp-block-list\">\n<li>Cung c\u1ea5p cho doanh nghi\u1ec7p Nh\u1eadt B\u1ea3n nh\u1eefng th\u00f4ng tin ch\u00ednh x\u00e1c v\u00e0 c\u00f3 t\u00ednh \u1ee9ng d\u1ee5ng cao v\u1ec1 kinh t\u1ebf, doanh nghi\u1ec7p v\u00e0 th\u1ecb tr\u01b0\u1eddng Vi\u1ec7t Nam, qua \u0111\u00f3 th\u00fac \u0111\u1ea9y s\u1ef1 t\u0103ng tr\u01b0\u1edfng b\u1ec1n v\u1eefng c\u1ee7a c\u1ea3 hai qu\u1ed1c gia.<\/li>\n\n\n\n<li>Th\u00f4ng qua s\u1ee9c m\u1ea1nh c\u1ee7a th\u00f4ng tin, \u0111\u1ea9y nhanh c\u00e1c quy\u1ebft \u0111\u1ecbnh v\u00e0 th\u00e1ch th\u1ee9c c\u1ee7a doanh nghi\u1ec7p Nh\u1eadt, \u0111\u1ed3ng th\u1eddi \u0111\u00f3ng g\u00f3p v\u00e0o s\u1ef1 ph\u00e1t tri\u1ec3n c\u1ee7a n\u1ec1n kinh t\u1ebf v\u00e0 doanh nghi\u1ec7p Vi\u1ec7t Nam.<\/li>\n<\/ul>\n<\/div><\/div>\n<\/div><\/div>\n\n\n\n<div class=\"epb-column wp-block-emanon-premium-blocks-column-template\"><div class=\"epb-column__item\">\n<div class=\"epb-panel-box epb-panel-box-hover-initial is-style-epb-panel-box-style-none wp-block-emanon-premium-blocks-panel-box\" style=\"--epb-panel-box-padding-top:16px;--epb-panel-box-padding-right:16px;--epb-panel-box-padding-bottom:16px;--epb-panel-box-padding-left:16px;--epb-panel-box-width-size-sp:100%;--epb-panel-box-width-size-tablet:100%;--epb-panel-box-width-size-pc:100%;--epb-panel-box-body-text-color:#333333;--epb-panel-box-body-background-color:rgb(255 255 255 \/ 1);--epb-panel-box-border-style:none;--epb-panel-box-border-width-top:1px;--epb-panel-box-border-width-bottom:1px;--epb-panel-box-border-width-left:1px;--epb-panel-box-border-width-right:1px;--epb-panel-box-border-radius-top:3px;--epb-panel-box-border-radius-right:3px;--epb-panel-box-border-radius-bottom:3px;--epb-panel-box-border-radius-left:3px;--epb-panel-box-border-color:#eeeff0;--epb-panel-box-border-hover-color:#eeeff0;--epb-panel-box-body-text-hover-color:#333333;--epb-panel-box-body-background-hover-color:rgb(238 239 240 \/ 1);--epb-shadow-offset-x:0px;--epb-shadow-offset-y:1px;--epb-shadow-blur:3px;--epb-shadow-spread:1px;--epb-shadow-color:rgb(238 239 240 \/ 1);--epb-panel-box-style-size:1px;--epb-panel-box-style-color:#333333;--epb-panel-box-style-hover-color:#333333\"><div class=\"epb-panel-box__inner\">\n<div class=\"epb-icon-link epb-alignment-center is-style-epb-icon-hover-animation-none\" style=\"--epb-icon-width-sp:40px;--epb-icon-width-tablet:40px;--epb-icon-width-pc:40px;--epb-icon-rotation:0deg;--epb-icon-padding-top:20px;--epb-icon-padding-right:20px;--epb-icon-padding-bottom:20px;--epb-icon-padding-left:20px;--epb-icon-border-style:none;--epb-icon-border-width-top:2px;--epb-icon-border-width-bottom:2px;--epb-icon-border-width-left:2px;--epb-icon-border-width-right:2px;--epb-icon-border-radius-top:50%;--epb-icon-border-radius-right:50%;--epb-icon-border-radius-bottom:50%;--epb-icon-border-radius-left:50%;--epb-icon-color:#ffffff;--epb-icon-border-color:#e5e7e8;--epb-icon-background:#16169b\"><div class=\"epb-icon-link__inner\"><svg xmlns=\"http:\/\/www.w3.org\/2000\/svg\" viewBox=\"0 0 32 32\" aria-hidden=\"true\"><path d=\"M25.333 2.667c1.473 0 2.667 1.193 2.667 2.667v0 16c0 1.473-1.193 2.667-2.667 2.667v0h-2.667v2.667c0 1.473-1.193 2.667-2.667 2.667v0h-13.333c-1.473 0-2.667-1.193-2.667-2.667v0-16c0-1.473 1.193-2.667 2.667-2.667v0h2.667v-2.667c0-1.473 1.193-2.667 2.667-2.667v0zM20 10.667h-13.333v16h13.333zM13.333 20c0.736 0 1.333 0.597 1.333 1.333s-0.597 1.333-1.333 1.333v0h-2.667c-0.736 0-1.333-0.597-1.333-1.333s0.597-1.333 1.333-1.333v0zM25.333 5.333h-13.333v2.667h8c1.473 0 2.667 1.193 2.667 2.667v0 10.667h2.667zM16 14.667c0.736 0.001 1.332 0.597 1.332 1.333 0 0.681-0.511 1.243-1.169 1.324h-0.007l-0.156 0.009h-5.333c-0.736-0.001-1.332-0.597-1.332-1.333 0-0.681 0.511-1.243 1.169-1.324h0.007l0.156-0.009z\"><\/path><\/svg><\/div><\/div>\n\n\n\n<div class=\"epb-spacer epb-space-margin-top\" style=\"--epb-space-height-sp:50px;--epb-space-height-tablet:50px;--epb-space-height-pc:16px;--epb-space-width-sp:100%;--epb-space-width-tablet:100%;--epb-space-width-pc:100%;--epb-space-margin-sp:-0px;--epb-space-margin-tablet:-0px;--epb-space-margin-pc:-0px\"><\/div>\n\n\n\n<div class=\"epb-advanced-headling epb-alignment-center epb-alignment-headling-center epb-sub-text-hover-animation-none wp-block-emanon-premium-blocks-advanced-headling\" style=\"--epb-headling-position:absolute;--epb-headling-font-size-sp:26px;--epb-headling-font-size-tablet:26px;--epb-headling-font-size-pc:26px;--epb-headling-letter-spacing:0.05em;--epb-headling-line-height:1.5;--epb-headling-font-weight:bold;--epb-headling-padding-top:0em;--epb-headling-padding-right:0em;--epb-headling-padding-bottom:0em;--epb-headling-padding-left:0em;--epb-headling-color:#333333;--epb-headling-background-color:rgb(255 255 255 \/ 1);--epb-headling-icon-color:#333333;--epb-sub-text-font-size-sp:14px;--epb-sub-text-font-size-tablet:14px;--epb-sub-text-font-size-pc:14px;--epb-sub-text-letter-spacing:0.05em;--epb-sub-text-line-height:1;--epb-sub-text-font-weight:normal;--epb-sub-text-gap:12px;--epb-sub-text-padding-top:0.2em;--epb-sub-text-padding-right:0em;--epb-sub-text-padding-bottom:0.2em;--epb-sub-text-padding-left:0em;--epb-sub-text-align-items:center;--epb-sub-text-color:#333333;--epb-sub-text-hover-color:#e5e7e8;--epb-headling-margin-right-pc:0;--epb-headling-margin-left-pc:0;--epb-data-headling-position-top-pc:0px;--epb-data-headling-position-left-pc:0px;--epb-headling-margin-right-tablet:0;--epb-headling-margin-left-tablet:0;--epb-data-headling-position-top-tablet:0px;--epb-data-headling-position-left-tablet:0px;--epb-headling-margin-right-sp:0;--epb-headling-margin-left-sp:0;--epb-data-headling-position-top-sp:0px;--epb-data-headling-position-left-sp:0px;--epb-data-headling-transform:unset;--epb-data-headling-z-index:0;--epb-data-headling-font-size-sp:26px;--epb-data-headling-font-size-tablet:26px;--epb-data-headling-font-size-pc:26px;--epb-data-headling-letter-spacing:0.05em;--epb-data-headling-line-height:1;--epb-data-headling-font-weight:normal;--epb-data-headling-font-style:normal;--epb-data-headling-padding-top:0.2em;--epb-data-headling-padding-right:0em;--epb-data-headling-padding-bottom:0.2em;--epb-data-headling-padding-left:0em;--epb-data-headling-color:rgb(51 51 51 \/ 1);--epb-headling-style-size:2;--epb-sub-text-style-size:2;--epb-data-headling-style-size:2;--epb-headling-style-color:#e5e7e8;--epb-sub-text-style-color:#e5e7e8;--epb-sub-text-style-hover-color:#e5e7e8;--epb-data-headling-style-color:rgb(255 255 255 \/ 1)\"><div class=\"epb-advanced-headling__inner epb-has-sub-text-bottom is-style-epb-headling-default is-style-epb-sub-text-default\"><h3 class=\"epb-advanced-headling__text no-icon\">S\u1ee9 m\u1ec7nh<\/h3><\/div><\/div>\n\n\n\n<div class=\"epb-spacer epb-space-margin-top\" style=\"--epb-space-height-sp:50px;--epb-space-height-tablet:50px;--epb-space-height-pc:16px;--epb-space-width-sp:100%;--epb-space-width-tablet:100%;--epb-space-width-pc:100%;--epb-space-margin-sp:-0px;--epb-space-margin-tablet:-0px;--epb-space-margin-pc:-0px\"><\/div>\n\n\n\n<ul class=\"wp-block-list\">\n<li>Thu th\u1eadp, x\u1eed l\u00fd v\u00e0 bi\u00ean t\u1eadp chuy\u00ean s\u00e2u c\u00e1c th\u00f4ng tin kinh t\u1ebf, kinh doanh v\u00e0 doanh nghi\u1ec7p t\u1ea1i Vi\u1ec7t Nam, chuy\u1ec3n h\u00f3a th\u00e0nh d\u1ea1ng c\u00f3 gi\u00e1 tr\u1ecb cho vi\u1ec7c ra quy\u1ebft \u0111\u1ecbnh c\u1ee7a doanh nghi\u1ec7p Nh\u1eadt B\u1ea3n.<\/li>\n\n\n\n<li>Bi\u1ebfn \u201cngu\u1ed3n th\u00f4ng tin th\u00f4\u201d c\u1ee7a th\u1ecb tr\u01b0\u1eddng Vi\u1ec7t Nam th\u00e0nh \u201ctri th\u1ee9c c\u00f3 th\u1ec3 h\u00e0nh \u0111\u1ed9ng\u201d m\u00e0 doanh nghi\u1ec7p Nh\u1eadt c\u00f3 th\u1ec3 s\u1eed d\u1ee5ng trong chi\u1ebfn l\u01b0\u1ee3c c\u1ee7a m\u00ecnh.<\/li>\n<\/ul>\n<\/div><\/div>\n<\/div><\/div>\n\n\n\n<div class=\"epb-column wp-block-emanon-premium-blocks-column-template\"><div class=\"epb-column__item\">\n<div class=\"epb-panel-box epb-panel-box-hover-initial is-style-epb-panel-box-style-none wp-block-emanon-premium-blocks-panel-box\" style=\"--epb-panel-box-padding-top:16px;--epb-panel-box-padding-right:16px;--epb-panel-box-padding-bottom:16px;--epb-panel-box-padding-left:16px;--epb-panel-box-width-size-sp:100%;--epb-panel-box-width-size-tablet:100%;--epb-panel-box-width-size-pc:100%;--epb-panel-box-body-text-color:#333333;--epb-panel-box-body-background-color:rgb(255 255 255 \/ 1);--epb-panel-box-border-style:none;--epb-panel-box-border-width-top:1px;--epb-panel-box-border-width-bottom:1px;--epb-panel-box-border-width-left:1px;--epb-panel-box-border-width-right:1px;--epb-panel-box-border-radius-top:3px;--epb-panel-box-border-radius-right:3px;--epb-panel-box-border-radius-bottom:3px;--epb-panel-box-border-radius-left:3px;--epb-panel-box-border-color:#eeeff0;--epb-panel-box-border-hover-color:#eeeff0;--epb-panel-box-body-text-hover-color:#333333;--epb-panel-box-body-background-hover-color:rgb(238 239 240 \/ 1);--epb-shadow-offset-x:0px;--epb-shadow-offset-y:1px;--epb-shadow-blur:3px;--epb-shadow-spread:1px;--epb-shadow-color:rgb(238 239 240 \/ 1);--epb-panel-box-style-size:2px;--epb-panel-box-style-color:#333333;--epb-panel-box-style-hover-color:#333333\"><div class=\"epb-panel-box__inner\">\n<div class=\"epb-icon-link epb-alignment-center is-style-epb-icon-hover-animation-none\" style=\"--epb-icon-width-sp:40px;--epb-icon-width-tablet:40px;--epb-icon-width-pc:40px;--epb-icon-rotation:0deg;--epb-icon-padding-top:20px;--epb-icon-padding-right:20px;--epb-icon-padding-bottom:20px;--epb-icon-padding-left:20px;--epb-icon-border-style:none;--epb-icon-border-width-top:2px;--epb-icon-border-width-bottom:2px;--epb-icon-border-width-left:2px;--epb-icon-border-width-right:2px;--epb-icon-border-radius-top:50%;--epb-icon-border-radius-right:50%;--epb-icon-border-radius-bottom:50%;--epb-icon-border-radius-left:50%;--epb-icon-color:#ffffff;--epb-icon-border-color:#e5e7e8;--epb-icon-background:#16169b\"><div class=\"epb-icon-link__inner\"><svg xmlns=\"http:\/\/www.w3.org\/2000\/svg\" viewBox=\"0 0 36 32\" aria-hidden=\"true\"><path d=\"M15.275 21.23c7.217 0 12.809-4.122 12.723-10.238 0-5.412-5.726-9.739-12.943-9.739s-13.067 4.327-13.067 9.739c0 3.371 1.653 6.965 5.106 8.73 0 0.020-0.006 0.036-0.006 0.058 0 1.465-1.22 3.474-1.7 4.302h0.002c-0.038 0.090-0.061 0.188-0.061 0.292 0 0.41 0.33 0.739 0.74 0.739 0.061 0 0.159-0.012 0.194-0.012 0.010 0 0.014 0 0.013 0.003 2.552-0.417 6.321-3.289 6.879-3.97 0.573 0.085 0.96 0.098 1.44 0.098 0.204 0 0.421-0.003 0.679-0.003zM12.334 19.077l-1.281 1.064c-0.297 0.343-1.588 1.42-2.699 2.119 0.676-1.927 0.647-2.538 0.647-2.538l0.094-1.224-1.090-0.556c-2.771-1.417-4.016-4.367-4.016-6.95 0-4.302 4.965-7.739 11.068-7.739s10.943 3.437 10.943 7.739c-0.019 4.769-4.559 8.27-10.661 8.27 0 0-0.931 0.036-1.887-0.105zM34.010 19.069c0-2.71-1.059-4.778-3.701-6.329-0.064 0.721-0.27 1.495-0.494 2.174 1.708 1.18 2.195 2.393 2.195 4.154 0 2.157-1.005 3.722-3.341 4.917l-0.995 0.494s0.104 2.563 0.257 3.211c-1.951-1.43-2.622-2.625-2.622-2.625l-1.052 0.162c-0.416 0.061-1.541 0.061-1.541 0.061-2.717 0-4.73-0.648-6.448-1.992 0.466-0.029-2.787-0.027-2.86 0.036 1.986 2.426 5.234 3.956 9.308 3.956 0.221 0 0.409 0.002 0.585 0.002 0.415 0 0.75-0.012 1.245-0.084 0.484 0.587 3.195 3.172 5.401 3.532-0.001-0.002 0.002-0.002 0.011-0.002 0.029 0 0.115 0.011 0.167 0.011 0.355 0 0.64-0.285 0.64-0.64 0-0.090-0.020-0.175-0.053-0.252h0.002c-0.415-0.715-1.067-2.805-1.067-4.070 0-0.020-0.006-0.033-0.006-0.051 2.985-1.526 4.367-3.753 4.367-6.665z\"><\/path><\/svg><\/div><\/div>\n\n\n\n<div class=\"epb-spacer epb-space-margin-top\" style=\"--epb-space-height-sp:50px;--epb-space-height-tablet:50px;--epb-space-height-pc:16px;--epb-space-width-sp:100%;--epb-space-width-tablet:100%;--epb-space-width-pc:100%;--epb-space-margin-sp:-0px;--epb-space-margin-tablet:-0px;--epb-space-margin-pc:-0px\"><\/div>\n\n\n\n<div class=\"epb-advanced-headling epb-alignment-center epb-sub-text-hover-animation-none wp-block-emanon-premium-blocks-advanced-headling\" style=\"--epb-headling-position:absolute;--epb-headling-font-size-sp:26px;--epb-headling-font-size-tablet:26px;--epb-headling-font-size-pc:26px;--epb-headling-letter-spacing:0.05em;--epb-headling-line-height:1.5;--epb-headling-font-weight:bold;--epb-headling-padding-top:0em;--epb-headling-padding-right:0em;--epb-headling-padding-bottom:0em;--epb-headling-padding-left:0em;--epb-headling-color:#333333;--epb-headling-background-color:rgb(255 255 255 \/ 1);--epb-headling-icon-color:#333333;--epb-sub-text-font-size-sp:14px;--epb-sub-text-font-size-tablet:14px;--epb-sub-text-font-size-pc:14px;--epb-sub-text-letter-spacing:0.05em;--epb-sub-text-line-height:1;--epb-sub-text-font-weight:normal;--epb-sub-text-gap:12px;--epb-sub-text-padding-top:0.2em;--epb-sub-text-padding-right:0em;--epb-sub-text-padding-bottom:0.2em;--epb-sub-text-padding-left:0em;--epb-sub-text-align-items:center;--epb-sub-text-color:#333333;--epb-sub-text-hover-color:#e5e7e8;--epb-headling-margin-right-pc:0;--epb-headling-margin-left-pc:0;--epb-data-headling-position-top-pc:0px;--epb-data-headling-position-left-pc:0px;--epb-headling-margin-right-tablet:0;--epb-headling-margin-left-tablet:0;--epb-data-headling-position-top-tablet:0px;--epb-data-headling-position-left-tablet:0px;--epb-headling-margin-right-sp:0;--epb-headling-margin-left-sp:0;--epb-data-headling-position-top-sp:0px;--epb-data-headling-position-left-sp:0px;--epb-data-headling-transform:unset;--epb-data-headling-z-index:0;--epb-data-headling-font-size-sp:26px;--epb-data-headling-font-size-tablet:26px;--epb-data-headling-font-size-pc:26px;--epb-data-headling-letter-spacing:0.05em;--epb-data-headling-line-height:1;--epb-data-headling-font-weight:normal;--epb-data-headling-font-style:normal;--epb-data-headling-padding-top:0.2em;--epb-data-headling-padding-right:0em;--epb-data-headling-padding-bottom:0.2em;--epb-data-headling-padding-left:0em;--epb-data-headling-color:rgb(51 51 51 \/ 1);--epb-headling-style-size:2;--epb-sub-text-style-size:2;--epb-data-headling-style-size:2;--epb-headling-style-color:#e5e7e8;--epb-sub-text-style-color:#e5e7e8;--epb-sub-text-style-hover-color:#e5e7e8;--epb-data-headling-style-color:rgb(255 255 255 \/ 1)\"><div class=\"epb-advanced-headling__inner epb-has-sub-text-bottom is-style-epb-headling-default is-style-epb-sub-text-default\"><h3 class=\"epb-advanced-headling__text no-icon\">Gi\u00e1 tr\u1ecb c\u1ed1t l\u00f5i<\/h3><\/div><\/div>\n\n\n\n<div class=\"epb-spacer epb-space-margin-top\" style=\"--epb-space-height-sp:50px;--epb-space-height-tablet:50px;--epb-space-height-pc:16px;--epb-space-width-sp:100%;--epb-space-width-tablet:100%;--epb-space-width-pc:100%;--epb-space-margin-sp:-0px;--epb-space-margin-tablet:-0px;--epb-space-margin-pc:-0px\"><\/div>\n\n\n\n<ul class=\"wp-block-list\">\n<li><strong>V\u00ec ng\u01b0\u1eddi kh\u00e1c (Altruism)<\/strong> \u2014 Th\u00e0nh c\u00f4ng \u0111\u01b0\u1ee3c \u0111o b\u1eb1ng s\u1ef1 ti\u1ebfn l\u00ean c\u1ee7a \u0111\u1ed1i t\u00e1c v\u00e0 kh\u00e1ch h\u00e0ng.<\/li>\n\n\n\n<li><strong>H\u01b0\u1edbng \u0111\u1ebfn b\u1ea3n ch\u1ea5t (Substance over noise)<\/strong> \u2014 Truy\u1ec1n \u0111\u1ea1t t\u1ed1t ngh\u0129a l\u00e0 \u0111\u00e3 suy ngh\u0129 \u0111\u1ebfn t\u1eadn c\u00f9ng v\u1ea5n \u0111\u1ec1.<\/li>\n\n\n\n<li><strong>Tinh th\u1ea7n hi\u1ebfu k\u1ef3 tri th\u1ee9c (Intellectual curiosity)<\/strong> \u2014 Kh\u00f4ng ng\u1eebng h\u1ecdc h\u1ecfi v\u1ec1 Vi\u1ec7t Nam, th\u1ecb tr\u01b0\u1eddng v\u00e0 th\u1ebf gi\u1edbi.<\/li>\n\n\n\n<li><strong>N\u0103ng l\u1ef1c bi\u00ean t\u1eadp (Editorial excellence)<\/strong> \u2014 S\u1ef1 d\u1ec5 hi\u1ec3u ch\u00ednh l\u00e0 m\u1ed9t h\u00ecnh th\u1ee9c c\u1ee7a s\u1ef1 th\u1ea5u c\u1ea3m.<\/li>\n<\/ul>\n<\/div><\/div>\n<\/div><\/div>\n<\/div><\/div>\n\n\n\n<h2 class=\"wp-block-heading\">\u00dd ngh\u0129a t\u1ed3n t\u1ea1i v\u00e0 v\u1ecb th\u1ebf c\u1ee7a InfoBase<\/h2>\n\n\n\n<figure class=\"wp-block-image size-full\"><img loading=\"lazy\" decoding=\"async\" width=\"2560\" height=\"1352\" src=\"https:\/\/infobase.co.jp\/vi\/wp-content\/uploads\/2026\/02\/\u30b9\u30af\u30ea\u30fc\u30f3\u30b7\u30e7\u30c3\u30c8-2026-02-12-14.27.03-scaled.png\" alt=\"\" class=\"wp-image-365\" srcset=\"https:\/\/infobase.co.jp\/vi\/wp-content\/uploads\/2026\/02\/\u30b9\u30af\u30ea\u30fc\u30f3\u30b7\u30e7\u30c3\u30c8-2026-02-12-14.27.03-scaled.png 2560w, https:\/\/infobase.co.jp\/vi\/wp-content\/uploads\/2026\/02\/\u30b9\u30af\u30ea\u30fc\u30f3\u30b7\u30e7\u30c3\u30c8-2026-02-12-14.27.03-300x158.png 300w, https:\/\/infobase.co.jp\/vi\/wp-content\/uploads\/2026\/02\/\u30b9\u30af\u30ea\u30fc\u30f3\u30b7\u30e7\u30c3\u30c8-2026-02-12-14.27.03-1024x541.png 1024w, https:\/\/infobase.co.jp\/vi\/wp-content\/uploads\/2026\/02\/\u30b9\u30af\u30ea\u30fc\u30f3\u30b7\u30e7\u30c3\u30c8-2026-02-12-14.27.03-768x406.png 768w, https:\/\/infobase.co.jp\/vi\/wp-content\/uploads\/2026\/02\/\u30b9\u30af\u30ea\u30fc\u30f3\u30b7\u30e7\u30c3\u30c8-2026-02-12-14.27.03-1536x811.png 1536w, https:\/\/infobase.co.jp\/vi\/wp-content\/uploads\/2026\/02\/\u30b9\u30af\u30ea\u30fc\u30f3\u30b7\u30e7\u30c3\u30c8-2026-02-12-14.27.03-2048x1082.png 2048w\" sizes=\"auto, (max-width: 2560px) 100vw, 2560px\" \/><\/figure>\n","protected":false},"excerpt":{"rendered":"<p>\u00dd ngh\u0129a t\u1ed3n t\u1ea1i v\u00e0 v\u1ecb th\u1ebf c\u1ee7a InfoBase<\/p>\n","protected":false},"author":1,"featured_media":361,"parent":28,"menu_order":0,"comment_status":"closed","ping_status":"closed","template":"","meta":{"content-type":"","footnotes":""},"class_list":["post-55","page","type-page","status-publish","has-post-thumbnail","hentry"],"_links":{"self":[{"href":"https:\/\/infobase.co.jp\/vi\/wp-json\/wp\/v2\/pages\/55","targetHints":{"allow":["GET"]}}],"collection":[{"href":"https:\/\/infobase.co.jp\/vi\/wp-json\/wp\/v2\/pages"}],"about":[{"href":"https:\/\/infobase.co.jp\/vi\/wp-json\/wp\/v2\/types\/page"}],"author":[{"embeddable":true,"href":"https:\/\/infobase.co.jp\/vi\/wp-json\/wp\/v2\/users\/1"}],"replies":[{"embeddable":true,"href":"https:\/\/infobase.co.jp\/vi\/wp-json\/wp\/v2\/comments?post=55"}],"version-history":[{"count":12,"href":"https:\/\/infobase.co.jp\/vi\/wp-json\/wp\/v2\/pages\/55\/revisions"}],"predecessor-version":[{"id":366,"href":"https:\/\/infobase.co.jp\/vi\/wp-json\/wp\/v2\/pages\/55\/revisions\/366"}],"up":[{"embeddable":true,"href":"https:\/\/infobase.co.jp\/vi\/wp-json\/wp\/v2\/pages\/28"}],"wp:featuredmedia":[{"embeddable":true,"href":"https:\/\/infobase.co.jp\/vi\/wp-json\/wp\/v2\/media\/361"}],"wp:attachment":[{"href":"https:\/\/infobase.co.jp\/vi\/wp-json\/wp\/v2\/media?parent=55"}],"curies":[{"name":"wp","href":"https:\/\/api.w.org\/{rel}","templated":true}]}}