{"id":59,"date":"2026-01-08T08:28:25","date_gmt":"2026-01-07T23:28:25","guid":{"rendered":"https:\/\/infobase.co.jp\/vi\/?page_id=59"},"modified":"2026-02-12T17:22:18","modified_gmt":"2026-02-12T08:22:18","slug":"greeting","status":"publish","type":"page","link":"https:\/\/infobase.co.jp\/vi\/company\/greeting\/","title":{"rendered":"Th\u00f4ng \u0111i\u1ec7p t\u1eeb ng\u01b0\u1eddi s\u00e1ng l\u1eadp"},"content":{"rendered":"\n<div class=\"epb-broken-grid has-media-on-the-right has-mobile-aligned-image is-style-default wp-block-emanon-premium-blocks-broken-grid epb-margin-top__default epb-margin-top__default-sp epb-margin-top__default-tablet\" style=\"padding-top:0;padding-bottom:0;padding-left:0;padding-right:0\"><div class=\"epb-broken-grid__background is-vertically-aligned-top is-horizontally-aligned-left\" style=\"--epb-bg-vertical-sp:0%;--epb-bg-vertical-tablet:0%;--epb-bg-vertical:0%;--epb-bg-horizontal-sp:0%;--epb-bg-horizontal-tablet:0%;--epb-bg-horizontal:0%\"><\/div><div class=\"epb-broken-grid__media\"><div class=\"epb-broken-grid__media--inner epb-broken-grid__media--s is-style-epb-radius__10\" style=\"--epb-opacity:0.2;--epb-image-vertical-sp:0px;--epb-image-vertical-tablet:0px;--epb-image-vertical:116px;--epb-image-horizontal-sp:0%;--epb-image-horizontal-tablet:0%;--epb-image-horizontal:0%\"><div class=\"epb-broken-grid__media--background\" style=\"width:100%;height:100%\"><\/div><img decoding=\"async\" loading=\"lazy\" src=\"https:\/\/infobank-vn.com\/wp-content\/uploads\/2026\/02\/HAI05518-scaled.jpg\" class=\"wp-image-null\"\/><\/div><\/div><div class=\"epb-broken-grid__content\" style=\"z-index:1;--epb-content-padding-top-sp:16px;--epb-content-padding-bottom-sp:16px;--epb-content-padding-left-sp:16px;--epb-content-padding-right-sp:16px;--epb-content-padding-top-tablet:16px;--epb-content-padding-bottom-tablet:16px;--epb-content-padding-left-tablet:16px;--epb-content-padding-right-tablet:16px;--epb-content-padding-top:0px;--epb-content-padding-bottom:16px;--epb-content-padding-left:16px;--epb-content-padding-right:16px;--epb-content-vertical-sp:0px;--epb-content-vertical-tablet:0px;--epb-content-vertical:90px;--epb-content-horizontal-sp:0%;--epb-content-horizontal-tablet:0%;--epb-content-horizontal:0%;--epb-content-border-type:solid;--epb-content-border-radius:0px;--epb-content-border-width:3px\"><div class=\"epb-broken-grid__content--inner epb-broken-grid__content--m\" style=\"background-color:rgba(255, 255, 255, 1)\">\n<div class=\"epb-advanced-headling epb-alignment-left epb-sub-text-hover-animation-none wp-block-emanon-premium-blocks-advanced-headling\" style=\"--epb-headling-position:absolute;--epb-headling-font-size-sp:26px;--epb-headling-font-size-tablet:26px;--epb-headling-font-size-pc:26px;--epb-headling-letter-spacing:0.05em;--epb-headling-line-height:1;--epb-headling-font-weight:bold;--epb-headling-padding-top:0em;--epb-headling-padding-right:0em;--epb-headling-padding-bottom:0em;--epb-headling-padding-left:0em;--epb-headling-color:#333333;--epb-headling-background-color:rgb(255 255 255 \/ 1);--epb-headling-icon-color:#333333;--epb-sub-text-font-size-sp:14px;--epb-sub-text-font-size-tablet:14px;--epb-sub-text-font-size-pc:14px;--epb-sub-text-letter-spacing:0.05em;--epb-sub-text-line-height:1;--epb-sub-text-font-weight:normal;--epb-sub-text-gap:12px;--epb-sub-text-padding-top:0.2em;--epb-sub-text-padding-right:0em;--epb-sub-text-padding-bottom:0.2em;--epb-sub-text-padding-left:0em;--epb-sub-text-align-items:center;--epb-sub-text-color:#333333;--epb-sub-text-hover-color:#e5e7e8;--epb-headling-margin-right-pc:0;--epb-headling-margin-left-pc:0;--epb-data-headling-position-top-pc:0px;--epb-data-headling-position-left-pc:0px;--epb-headling-margin-right-tablet:0;--epb-headling-margin-left-tablet:0;--epb-data-headling-position-top-tablet:0px;--epb-data-headling-position-left-tablet:0px;--epb-headling-margin-right-sp:0;--epb-headling-margin-left-sp:0;--epb-data-headling-position-top-sp:0px;--epb-data-headling-position-left-sp:0px;--epb-data-headling-transform:unset;--epb-data-headling-z-index:0;--epb-data-headling-font-size-sp:26px;--epb-data-headling-font-size-tablet:26px;--epb-data-headling-font-size-pc:26px;--epb-data-headling-letter-spacing:0.05em;--epb-data-headling-line-height:1;--epb-data-headling-font-weight:normal;--epb-data-headling-font-style:normal;--epb-data-headling-padding-top:0.2em;--epb-data-headling-padding-right:0em;--epb-data-headling-padding-bottom:0.2em;--epb-data-headling-padding-left:0em;--epb-data-headling-color:rgb(51 51 51 \/ 1);--epb-headling-style-size:2;--epb-sub-text-style-size:2;--epb-data-headling-style-size:2;--epb-headling-style-color:#e5e7e8;--epb-sub-text-style-color:#e5e7e8;--epb-sub-text-style-hover-color:#e5e7e8;--epb-data-headling-style-color:rgb(255 255 255 \/ 1)\"><div class=\"epb-advanced-headling__inner epb-has-sub-text-bottom is-style-epb-headling-default is-style-epb-sub-text-default\"><h2 class=\"epb-advanced-headling__text no-icon\">\u0110\u01b0a nh\u1ecbp \u0111\u1eadp kinh t\u1ebf Vi\u1ec7t Nam \u0111\u1ebfn Nh\u1eadt B\u1ea3n<\/h2><\/div><\/div>\n\n\n\n<p>L\u1ea7n \u0111\u1ea7u ti\u00ean t\u00f4i \u0111\u1ebfn Vi\u1ec7t Nam l\u00e0 khi \u0111ang h\u1ecdc n\u0103m ba \u0111\u1ea1i h\u1ecdc. Ng\u00e0y h\u00f4m \u0111\u00f3, khi mang bal\u00f4 tr\u00ean l\u01b0ng v\u00e0 \u0111\u1eb7t ch\u00e2n xu\u1ed1ng m\u1ea3nh \u0111\u1ea5t n\u00e0y, nh\u00ecn l\u1ea1i t\u00f4i nh\u1eadn ra \u0111\u00f3 ch\u00ednh l\u00e0 b\u01b0\u1edbc ngo\u1eb7t c\u1ee7a cu\u1ed9c \u0111\u1eddi m\u00ecnh.<\/p>\n\n\n\n<p>S\u1ef1 nh\u1ed9n nh\u1ecbp tr\u00e0n \u0111\u1ea7y tr\u00ean ph\u1ed1, \u00e1nh m\u1eaft l\u1ea1c quan c\u1ee7a ng\u01b0\u1eddi d\u00e2n, ti\u1ebfng xe m\u00e1y n\u1ed1i ti\u1ebfp kh\u00f4ng ng\u1eebng. T\u1ea5t c\u1ea3 \u0111\u1ec1u to\u00e1t l\u00ean m\u1ed9t ngu\u1ed3n n\u0103ng l\u01b0\u1ee3ng m\u1ea1nh m\u1ebd, nh\u01b0 th\u1ec3 tin r\u1eb1ng \u201cng\u00e0y mai s\u1ebd t\u1ed1t \u0111\u1eb9p h\u01a1n h\u00f4m nay\u201d. H\u00ecnh \u1ea3nh \u1ea5y \u0111\u00e3 ch\u1ea1m s\u00e2u v\u00e0o tr\u00e1i tim t\u00f4i v\u00e0 khi\u1ebfn t\u00f4i c\u1ea3m nh\u1eadn r\u00f5 ti\u1ec1m n\u0103ng to l\u1edbn c\u1ee7a t\u01b0\u01a1ng lai \u0111\u1ea5t n\u01b0\u1edbc n\u00e0y.<\/p>\n\n\n\n<p>K\u1ec3 t\u1eeb \u0111\u00f3, m\u1ed1i quan t\u00e2m \u0111\u1ebfn Vi\u1ec7t Nam tr\u1edf th\u00e0nh tr\u1ee5c ch\u00ednh trong cu\u1ed9c \u0111\u1eddi t\u00f4i. \u1ede b\u1eadc cao h\u1ecdc, t\u00f4i nghi\u00ean c\u1ee9u v\u1ec1 x\u00e3 h\u1ed9i, v\u0103n h\u00f3a v\u00e0 ch\u00ednh tr\u1ecb Vi\u1ec7t Nam; sau khi \u0111i l\u00e0m, t\u00f4i ti\u1ebfp t\u1ee5c g\u1eafn b\u00f3 v\u1edbi Vi\u1ec7t Nam \u1edf nhi\u1ec1u vai tr\u00f2 kh\u00e1c nhau. Khi nh\u1eadn ra, h\u01a1n 12 n\u0103m qua, vi\u1ec7c ph\u00e2n t\u00edch kinh t\u1ebf Vi\u1ec7t Nam v\u00e0 xu h\u01b0\u1edbng c\u1ee7a c\u00e1c doanh nghi\u1ec7p n\u01a1i \u0111\u00e2y \u0111\u00e3 tr\u1edf th\u00e0nh ni\u1ec1m \u0111am m\u00ea kh\u00f4ng th\u1ec3 thay th\u1ebf \u0111\u1ed1i v\u1edbi t\u00f4i.<\/p>\n\n\n\n<p>T\u00f4i tin r\u1eb1ng s\u1ee9 m\u1ec7nh c\u1ee7a m\u00ecnh l\u00e0 ph\u00e2n t\u00edch s\u00e2u s\u1eafc nh\u1eefng th\u00f4ng tin \u0111\u00e1ng tin c\u1eady v\u1ec1 kinh t\u1ebf v\u00e0 doanh nghi\u1ec7p Vi\u1ec7t Nam, bi\u00ean t\u1eadp ch\u00fang m\u1ed9t c\u00e1ch d\u1ec5 hi\u1ec3u v\u00e0 truy\u1ec1n t\u1ea3i \u0111\u1ebfn x\u00e3 h\u1ed9i. Th\u00f4ng tin kh\u00f4ng ch\u1ec9 \u0111\u1ec3 \u201c\u0111\u1ecdc\u201d, m\u00e0 ph\u1ea3i l\u00e0 th\u1ee9 \u0111\u01b0\u1ee3c \u201cv\u1eadn d\u1ee5ng v\u00e0o h\u00e0nh \u0111\u1ed9ng v\u00e0 chi\u1ebfn l\u01b0\u1ee3c\u201d.<\/p>\n\n\n\n<p>V\u1edbi suy ngh\u0129 \u0111\u00f3, t\u00f4i \u0111\u00e3 s\u00e1ng l\u1eadp \u201cInfoBank\u201d \u2013 m\u1ed9t n\u1ec1n t\u1ea3ng tri th\u1ee9c v\u1ec1 kinh t\u1ebf v\u00e0 kinh doanh Vi\u1ec7t Nam, cung c\u1ea5p \u0111\u1ed3ng th\u1eddi d\u1ecbch v\u1ee5 nghi\u00ean c\u1ee9u th\u1ecb tr\u01b0\u1eddng, x\u00e2y d\u1ef1ng t\u00e0i li\u1ec7u v\u00e0 t\u01b0 v\u1ea5n chi\u1ebfn l\u01b0\u1ee3c. Th\u00f4ng qua nh\u1eefng ho\u1ea1t \u0111\u1ed9ng n\u00e0y, t\u00f4i mong mu\u1ed1n \u0111\u00f3ng g\u00f3p v\u00e0o vi\u1ec7c x\u00e2y d\u1ef1ng m\u1ed9t n\u1ec1n t\u1ea3ng th\u00f4ng tin kinh doanh \u0111\u00e1ng tin c\u1eady t\u1ea1i Vi\u1ec7t Nam.<\/p>\n\n\n\n<p>M\u1ee5c ti\u00eau cu\u1ed1i c\u00f9ng c\u1ee7a t\u00f4i kh\u00f4ng ch\u1ec9 l\u00e0 cung c\u1ea5p th\u00f4ng tin. T\u00f4i mong mu\u1ed1n g\u00f3p ph\u1ea7n v\u00e0o s\u1ef1 ph\u00e1t tri\u1ec3n b\u1ec1n v\u1eefng c\u1ee7a x\u00e3 h\u1ed9i v\u00e0 n\u1ec1n kinh t\u1ebf Vi\u1ec7t Nam, h\u01b0\u1edbng t\u1edbi m\u1ed9t t\u01b0\u01a1ng lai n\u01a1i cu\u1ed9c s\u1ed1ng c\u1ee7a ng\u01b0\u1eddi d\u00e2n n\u01a1i \u0111\u00e2y ng\u00e0y c\u00e0ng gi\u00e0u c\u00f3 v\u00e0 t\u1ed1t \u0111\u1eb9p h\u01a1n.<\/p>\n\n\n\n<p>N\u1ebfu nh\u1eefng th\u00f4ng tin v\u00e0 s\u1ef1 h\u1ed7 tr\u1ee3 c\u1ee7a ch\u00fang t\u00f4i c\u00f3 th\u1ec3 tr\u1edf th\u00e0nh \u0111\u1ed9ng l\u1ef1c cho c\u00e1c doanh nghi\u1ec7p v\u00e0 c\u00e1 nh\u00e2n d\u00e1m th\u00e1ch th\u1ee9c, g\u00f3p ph\u1ea7n v\u00e0o s\u1ef1 t\u0103ng tr\u01b0\u1edfng m\u1ea1nh m\u1ebd h\u01a1n n\u1eefa c\u1ee7a Vi\u1ec7t Nam, th\u00ec \u0111\u00f3 ch\u00ednh l\u00e0 ni\u1ec1m h\u1ea1nh ph\u00fac l\u1edbn nh\u1ea5t \u0111\u1ed1i v\u1edbi t\u00f4i.<\/p>\n\n\n\n<p><strong><span data-fontsize=\"21px\" style=\"font-size:21px;\" class=\"epb-font-size\">C\u00f4ng ty C\u1ed5 ph\u1ea7n InfoBase<\/span><\/strong><\/p>\n\n\n\n<p><strong><span data-fontsize=\"21px\" style=\"font-size:21px;\" class=\"epb-font-size\">T\u1ed5ng Gi\u00e1m \u0111\u1ed1c Kenya Miura<\/span><\/strong><\/p>\n<\/div><\/div><\/div>\n\n\n\n<div class=\"epb-advanced-headling epb-alignment-left epb-alignment-headling-left epb-sub-text-hover-animation-none\" style=\"--epb-headling-position:absolute;--epb-headling-font-size-sp:26px;--epb-headling-font-size-tablet:26px;--epb-headling-font-size-pc:26px;--epb-headling-letter-spacing:0.05em;--epb-headling-line-height:1;--epb-headling-font-weight:bold;--epb-headling-padding-top:0.5em;--epb-headling-padding-right:1em;--epb-headling-padding-bottom:0.5em;--epb-headling-padding-left:1em;--epb-headling-color:#ffffff;--epb-headling-background-color:rgb(22 22 155 \/ 1);--epb-headling-icon-color:#333333;--epb-sub-text-font-size-sp:14px;--epb-sub-text-font-size-tablet:14px;--epb-sub-text-font-size-pc:14px;--epb-sub-text-letter-spacing:0.05em;--epb-sub-text-line-height:1;--epb-sub-text-font-weight:normal;--epb-sub-text-gap:12px;--epb-sub-text-padding-top:0.2em;--epb-sub-text-padding-right:0em;--epb-sub-text-padding-bottom:0.2em;--epb-sub-text-padding-left:0em;--epb-sub-text-align-items:center;--epb-sub-text-color:#333333;--epb-sub-text-hover-color:#e5e7e8;--epb-headling-margin-right-pc:0;--epb-headling-margin-left-pc:0;--epb-data-headling-position-top-pc:0px;--epb-data-headling-position-left-pc:0px;--epb-headling-margin-right-tablet:0;--epb-headling-margin-left-tablet:0;--epb-data-headling-position-top-tablet:0px;--epb-data-headling-position-left-tablet:0px;--epb-headling-margin-right-sp:0;--epb-headling-margin-left-sp:0;--epb-data-headling-position-top-sp:0px;--epb-data-headling-position-left-sp:0px;--epb-data-headling-transform:unset;--epb-data-headling-z-index:0;--epb-data-headling-font-size-sp:26px;--epb-data-headling-font-size-tablet:26px;--epb-data-headling-font-size-pc:26px;--epb-data-headling-letter-spacing:0.05em;--epb-data-headling-line-height:1;--epb-data-headling-font-weight:normal;--epb-data-headling-font-style:normal;--epb-data-headling-padding-top:0.2em;--epb-data-headling-padding-right:0em;--epb-data-headling-padding-bottom:0.2em;--epb-data-headling-padding-left:0em;--epb-data-headling-color:rgb(51 51 51 \/ 1);--epb-headling-style-size:2;--epb-sub-text-style-size:2;--epb-data-headling-style-size:2;--epb-headling-style-color:#e5e7e8;--epb-sub-text-style-color:#e5e7e8;--epb-sub-text-style-hover-color:#e5e7e8;--epb-data-headling-style-color:rgb(255 255 255 \/ 1)\"><div class=\"epb-advanced-headling__inner epb-has-sub-text-bottom is-style-epb-headling-background-color is-style-epb-sub-text-default\"><h2 class=\"epb-advanced-headling__text no-icon\">Gi\u00e1 tr\u1ecb t\u00f4i coi tr\u1ecdng trong c\u00f4ng vi\u1ec7c<\/h2><\/div><\/div>\n\n\n\n<ul class=\"wp-block-list\">\n<li><strong>Ngu C\u00f4ng d\u1eddi n\u00fai<\/strong><\/li>\n\n\n\n<li><strong>C\u01a1 h\u1ed9i kh\u00f4ng ch\u1edd \u0111\u1ee3i <\/strong>\u2013 Ch\u1ee7 \u0111\u1ed9ng n\u1eafm b\u1eaft c\u01a1 h\u1ed9i<\/li>\n\n\n\n<li><strong>Gi\u00e1 tr\u1ecb th\u1ef1c ti\u1ec5n<\/strong> \u2013 Th\u00f4ng tin ph\u1ea3i t\u1ea1o ra h\u00e0nh \u0111\u1ed9ng<\/li>\n<\/ul>\n\n\n\n<div class=\"epb-advanced-headling epb-alignment-left epb-alignment-headling-left epb-sub-text-hover-animation-none\" style=\"--epb-headling-position:absolute;--epb-headling-font-size-sp:26px;--epb-headling-font-size-tablet:26px;--epb-headling-font-size-pc:26px;--epb-headling-letter-spacing:0.05em;--epb-headling-line-height:1;--epb-headling-font-weight:bold;--epb-headling-padding-top:0.5em;--epb-headling-padding-right:1em;--epb-headling-padding-bottom:0.5em;--epb-headling-padding-left:1em;--epb-headling-color:#ffffff;--epb-headling-background-color:rgb(22 22 155 \/ 1);--epb-headling-icon-color:#333333;--epb-sub-text-font-size-sp:14px;--epb-sub-text-font-size-tablet:14px;--epb-sub-text-font-size-pc:14px;--epb-sub-text-letter-spacing:0.05em;--epb-sub-text-line-height:1;--epb-sub-text-font-weight:normal;--epb-sub-text-gap:12px;--epb-sub-text-padding-top:0.2em;--epb-sub-text-padding-right:0em;--epb-sub-text-padding-bottom:0.2em;--epb-sub-text-padding-left:0em;--epb-sub-text-align-items:center;--epb-sub-text-color:#333333;--epb-sub-text-hover-color:#e5e7e8;--epb-headling-margin-right-pc:0;--epb-headling-margin-left-pc:0;--epb-data-headling-position-top-pc:0px;--epb-data-headling-position-left-pc:0px;--epb-headling-margin-right-tablet:0;--epb-headling-margin-left-tablet:0;--epb-data-headling-position-top-tablet:0px;--epb-data-headling-position-left-tablet:0px;--epb-headling-margin-right-sp:0;--epb-headling-margin-left-sp:0;--epb-data-headling-position-top-sp:0px;--epb-data-headling-position-left-sp:0px;--epb-data-headling-transform:unset;--epb-data-headling-z-index:0;--epb-data-headling-font-size-sp:26px;--epb-data-headling-font-size-tablet:26px;--epb-data-headling-font-size-pc:26px;--epb-data-headling-letter-spacing:0.05em;--epb-data-headling-line-height:1;--epb-data-headling-font-weight:normal;--epb-data-headling-font-style:normal;--epb-data-headling-padding-top:0.2em;--epb-data-headling-padding-right:0em;--epb-data-headling-padding-bottom:0.2em;--epb-data-headling-padding-left:0em;--epb-data-headling-color:rgb(51 51 51 \/ 1);--epb-headling-style-size:2;--epb-sub-text-style-size:2;--epb-data-headling-style-size:2;--epb-headling-style-color:#e5e7e8;--epb-sub-text-style-color:#e5e7e8;--epb-sub-text-style-hover-color:#e5e7e8;--epb-data-headling-style-color:rgb(255 255 255 \/ 1)\"><div class=\"epb-advanced-headling__inner epb-has-sub-text-bottom is-style-epb-headling-background-color is-style-epb-sub-text-default\"><h2 class=\"epb-advanced-headling__text no-icon\">Nh\u1eefng \u0111i\u1ec1u ngo\u00e0i c\u00f4ng vi\u1ec7c<\/h2><\/div><\/div>\n\n\n\n<p><strong>S\u1edf th\u00edch \u0111a d\u1ea1ng<\/strong>: Muay Th\u00e1i, \u0111\u1ea1p xe, \u0111\u1ecdc s\u00e1ch, du l\u1ecbch, s\u01b0u t\u1ea7m kho\u00e1ng v\u1eadt, pha ch\u1ebf cocktail, n\u1ea5u \u0103n, th\u01b0\u1edfng th\u1ee9c r\u01b0\u1ee3u vang v\u00e0 cider, leo n\u00fai<\/p>\n\n\n\n<p><strong>Ca s\u0129 y\u00eau th\u00edch<\/strong>: \u0110an Tr\u01b0\u1eddng, L\u01b0\u01a1ng B\u00edch H\u1eefu<\/p>\n\n\n\n<div class=\"epb-advanced-headling epb-alignment-left epb-alignment-headling-left epb-sub-text-hover-animation-none\" style=\"--epb-headling-position:absolute;--epb-headling-font-size-sp:26px;--epb-headling-font-size-tablet:26px;--epb-headling-font-size-pc:26px;--epb-headling-letter-spacing:0.05em;--epb-headling-line-height:1;--epb-headling-font-weight:bold;--epb-headling-padding-top:0.5em;--epb-headling-padding-right:1em;--epb-headling-padding-bottom:0.5em;--epb-headling-padding-left:1em;--epb-headling-color:#ffffff;--epb-headling-background-color:rgb(22 22 155 \/ 1);--epb-headling-icon-color:#333333;--epb-sub-text-font-size-sp:14px;--epb-sub-text-font-size-tablet:14px;--epb-sub-text-font-size-pc:14px;--epb-sub-text-letter-spacing:0.05em;--epb-sub-text-line-height:1;--epb-sub-text-font-weight:normal;--epb-sub-text-gap:12px;--epb-sub-text-padding-top:0.2em;--epb-sub-text-padding-right:0em;--epb-sub-text-padding-bottom:0.2em;--epb-sub-text-padding-left:0em;--epb-sub-text-align-items:center;--epb-sub-text-color:#333333;--epb-sub-text-hover-color:#e5e7e8;--epb-headling-margin-right-pc:0;--epb-headling-margin-left-pc:0;--epb-data-headling-position-top-pc:0px;--epb-data-headling-position-left-pc:0px;--epb-headling-margin-right-tablet:0;--epb-headling-margin-left-tablet:0;--epb-data-headling-position-top-tablet:0px;--epb-data-headling-position-left-tablet:0px;--epb-headling-margin-right-sp:0;--epb-headling-margin-left-sp:0;--epb-data-headling-position-top-sp:0px;--epb-data-headling-position-left-sp:0px;--epb-data-headling-transform:unset;--epb-data-headling-z-index:0;--epb-data-headling-font-size-sp:26px;--epb-data-headling-font-size-tablet:26px;--epb-data-headling-font-size-pc:26px;--epb-data-headling-letter-spacing:0.05em;--epb-data-headling-line-height:1;--epb-data-headling-font-weight:normal;--epb-data-headling-font-style:normal;--epb-data-headling-padding-top:0.2em;--epb-data-headling-padding-right:0em;--epb-data-headling-padding-bottom:0.2em;--epb-data-headling-padding-left:0em;--epb-data-headling-color:rgb(51 51 51 \/ 1);--epb-headling-style-size:2;--epb-sub-text-style-size:2;--epb-data-headling-style-size:2;--epb-headling-style-color:#e5e7e8;--epb-sub-text-style-color:#e5e7e8;--epb-sub-text-style-hover-color:#e5e7e8;--epb-data-headling-style-color:rgb(255 255 255 \/ 1)\"><div class=\"epb-advanced-headling__inner epb-has-sub-text-bottom is-style-epb-headling-background-color is-style-epb-sub-text-default\"><h2 class=\"epb-advanced-headling__text no-icon\"><span data-fontsize=\"26px\" style=\"font-size:26px;\" class=\"epb-font-size\"><strong>S\u01a1 l\u01b0\u1ee3c l\u00fd l\u1ecbch<\/strong><\/span><\/h2><\/div><\/div>\n\n\n\n<ol class=\"epb-timeline wp-block-emanon-premium-blocks-timeline epb-margin-top__default epb-margin-top__default-sp epb-margin-top__default-tablet\">\n<li class=\"epb-timeline__item is-style-epb-border-dotted is-style-epb-disc wp-block-emanon-premium-blocks-timeline-template\" style=\"--epb-border-color:#eeeff0\"><div class=\"epb-timeline__number\" style=\"background-color:#014ca0;color:#ffffff\" data-fontweight=\"normal\"><\/div><div class=\"epb-timeline__headline\" style=\"color:#333333\" data-fontweight=\"bold\"><strong>N\u0103m 2014<\/strong><\/div><div class=\"epb-timeline__body\">\n<p>L\u1ea7n \u0111\u1ea7u ti\u00ean \u0111\u1ebfn Vi\u1ec7t Nam trong chuy\u1ebfn du l\u1ecbch ba l\u00f4 xuy\u00ean Vi\u1ec7t t\u1eeb B\u1eafc v\u00e0o Nam khi c\u00f2n l\u00e0 sinh vi\u00ean \u0111\u1ea1i h\u1ecdc.<\/p>\n<\/div><\/li>\n\n\n\n<li class=\"epb-timeline__item is-style-epb-border-dotted is-style-epb-disc wp-block-emanon-premium-blocks-timeline-template\" style=\"--epb-border-color:#eeeff0\"><div class=\"epb-timeline__number\" style=\"background-color:#014ca0;color:#ffffff\" data-fontweight=\"normal\"><\/div><div class=\"epb-timeline__headline\" style=\"color:#333333\" data-fontweight=\"bold\">N\u0103m 2016<\/div><div class=\"epb-timeline__body\">\n<p>Theo h\u1ecdc ch\u01b0\u01a1ng tr\u00ecnh Th\u1ea1c s\u0129 t\u1ea1i Tr\u01b0\u1eddng Sau \u0111\u1ea1i h\u1ecdc Khoa h\u1ecdc X\u00e3 h\u1ed9i v\u00e0 Nh\u00e2n v\u0103n, \u0110\u1ea1i h\u1ecdc Tsukuba, chuy\u00ean ng\u00e0nh Nghi\u00ean c\u1ee9u Khu v\u1ef1c Qu\u1ed1c t\u1ebf (ch\u01b0\u01a1ng tr\u00ecnh \u0110\u00f4ng Nam \u00c1).<\/p>\n<\/div><\/li>\n\n\n\n<li class=\"epb-timeline__item is-style-epb-border-none is-style-epb-disc wp-block-emanon-premium-blocks-timeline-template\" style=\"--epb-border-color:#eeeff0\"><div class=\"epb-timeline__number\" style=\"background-color:#014ca0;color:#ffffff\" data-fontweight=\"normal\"><\/div><div class=\"epb-timeline__headline\" style=\"color:#333333\" data-fontweight=\"bold\">N\u0103m 2017<\/div><div class=\"epb-timeline__body\">\n<p>Du h\u1ecdc t\u1ea1i Tr\u01b0\u1eddng \u0110\u1ea1i h\u1ecdc S\u01b0 ph\u1ea1m TP. H\u1ed3 Ch\u00ed Minh. \u0110\u01b0\u1ee3c tuy\u1ec3n ch\u1ecdn v\u00e0o ch\u01b0\u01a1ng tr\u00ecnh h\u1ecdc b\u1ed5ng h\u1ed7 tr\u1ee3 du h\u1ecdc \u201cTobitate! Study Abroad JAPAN\u201d do B\u1ed9 Gi\u00e1o d\u1ee5c, V\u0103n h\u00f3a, Th\u1ec3 thao, Khoa h\u1ecdc v\u00e0 C\u00f4ng ngh\u1ec7 Nh\u1eadt B\u1ea3n (MEXT) ch\u1ee7 tr\u00ec.<\/p>\n<\/div><\/li>\n\n\n\n<li class=\"epb-timeline__item is-style-epb-border-none is-style-epb-disc wp-block-emanon-premium-blocks-timeline-template\" style=\"--epb-border-color:#eeeff0\"><div class=\"epb-timeline__number\" style=\"background-color:#014ca0;color:#ffffff\" data-fontweight=\"normal\"><\/div><div class=\"epb-timeline__headline\" style=\"color:#333333\" data-fontweight=\"bold\">N\u0103m 2018<\/div><div class=\"epb-timeline__body\">\n<p>Ho\u00e0n th\u00e0nh lu\u1eadn v\u0103n th\u1ea1c s\u0129 v\u1edbi \u0111\u1ec1 t\u00e0i \u201cC\u00e1ch ti\u1ebfp c\u1eadn m\u1edbi v\u1ec1 c\u1ea3i thi\u1ec7n m\u00f4i tr\u01b0\u1eddng t\u1ea1i Vi\u1ec7t Nam \u2013 t\u1eeb g\u00f3c nh\u00ecn h\u1ee3p t\u00e1c qu\u1ed1c t\u1ebf c\u1ee7a Nh\u1eadt B\u1ea3n\u201d, \u0111\u01b0\u1ee3c trao gi\u1ea3i Lu\u1eadn v\u0103n Xu\u1ea5t s\u1eafc. C\u00f9ng n\u0103m, gia nh\u1eadp T\u1ed5 ch\u1ee9c X\u00fac ti\u1ebfn Th\u01b0\u01a1ng m\u1ea1i Nh\u1eadt B\u1ea3n (JETRO), tham gia c\u00e1c d\u1ef1 \u00e1n h\u1ed7 tr\u1ee3 doanh nghi\u1ec7p Nh\u1eadt B\u1ea3n t\u1ea1i Vi\u1ec7t Nam trong c\u00f4ng t\u00e1c ph\u00f2ng ch\u1ed1ng h\u00e0ng gi\u1ea3.<\/p>\n<\/div><\/li>\n\n\n\n<li class=\"epb-timeline__item is-style-epb-border-none is-style-epb-disc wp-block-emanon-premium-blocks-timeline-template\" style=\"--epb-border-color:#eeeff0\"><div class=\"epb-timeline__number\" style=\"background-color:#014ca0;color:#ffffff\" data-fontweight=\"normal\"><\/div><div class=\"epb-timeline__headline\" style=\"color:#333333\" data-fontweight=\"bold\">N\u0103m 2019<\/div><div class=\"epb-timeline__body\">\n<p>Tham gia t\u1eeb giai \u0111o\u1ea1n th\u00e0nh l\u1eadp m\u1ed9t c\u00f4ng ty t\u01b0 v\u1ea5n chuy\u00ean v\u1ec1 th\u1ecb tr\u01b0\u1eddng Vi\u1ec7t Nam. Gi\u1eef ch\u1ee9c Tr\u01b0\u1edfng b\u1ed9 ph\u1eadn Nghi\u00ean c\u1ee9u Th\u1ecb tr\u01b0\u1eddng v\u00e0 T\u01b0 v\u1ea5n Chi\u1ebfn l\u01b0\u1ee3c, \u0111\u1ed3ng th\u1eddi \u0111\u1ea3m nhi\u1ec7m v\u1ecb tr\u00ed Ph\u00f3 T\u1ed5ng Gi\u00e1m \u0111\u1ed1c. \u0110\u00e3 h\u1ed7 tr\u1ee3 h\u01a1n 500 doanh nghi\u1ec7p, t\u1eeb SME \u0111\u1ebfn c\u00e1c t\u1eadp \u0111o\u00e0n l\u1edbn, trong vi\u1ec7c m\u1edf r\u1ed9ng kinh doanh sang Vi\u1ec7t Nam.<\/p>\n<\/div><\/li>\n\n\n\n<li class=\"epb-timeline__item is-style-epb-border-none is-style-epb-disc wp-block-emanon-premium-blocks-timeline-template\" style=\"--epb-border-color:#eeeff0\"><div class=\"epb-timeline__number\" style=\"background-color:#014ca0;color:#ffffff\" data-fontweight=\"normal\"><\/div><div class=\"epb-timeline__headline\" style=\"color:#333333\" data-fontweight=\"bold\">N\u0103m 2026<\/div><div class=\"epb-timeline__body\">\n<p>S\u00e1ng l\u1eadp C\u00f4ng ty C\u1ed5 ph\u1ea7n InfoBase v\u00e0 \u0111\u1ea3m nhi\u1ec7m v\u1ecb tr\u00ed T\u1ed5ng Gi\u00e1m \u0111\u1ed1c. Tri\u1ec3n khai n\u1ec1n t\u1ea3ng th\u00f4ng tin \u2013 tri th\u1ee9c v\u1ec1 kinh t\u1ebf v\u00e0 kinh doanh Vi\u1ec7t Nam mang t\u00ean \u201cInfoBank\u201d.<\/p>\n<\/div><\/li>\n<\/ol>\n","protected":false},"excerpt":{"rendered":"<p>S\u1edf th\u00edch \u0111a d\u1ea1ng: Muay Th\u00e1i, \u0111\u1ea1p xe, \u0111\u1ecdc s\u00e1ch, du l\u1ecbch, s\u01b0u t\u1ea7m kho\u00e1ng v\u1eadt, pha ch\u1ebf cocktail, n\u1ea5u \u0103n, th\u01b0\u1edfng t [&hellip;]<\/p>\n","protected":false},"author":1,"featured_media":361,"parent":28,"menu_order":0,"comment_status":"closed","ping_status":"closed","template":"","meta":{"content-type":"","footnotes":""},"class_list":["post-59","page","type-page","status-publish","has-post-thumbnail","hentry"],"_links":{"self":[{"href":"https:\/\/infobase.co.jp\/vi\/wp-json\/wp\/v2\/pages\/59","targetHints":{"allow":["GET"]}}],"collection":[{"href":"https:\/\/infobase.co.jp\/vi\/wp-json\/wp\/v2\/pages"}],"about":[{"href":"https:\/\/infobase.co.jp\/vi\/wp-json\/wp\/v2\/types\/page"}],"author":[{"embeddable":true,"href":"https:\/\/infobase.co.jp\/vi\/wp-json\/wp\/v2\/users\/1"}],"replies":[{"embeddable":true,"href":"https:\/\/infobase.co.jp\/vi\/wp-json\/wp\/v2\/comments?post=59"}],"version-history":[{"count":11,"href":"https:\/\/infobase.co.jp\/vi\/wp-json\/wp\/v2\/pages\/59\/revisions"}],"predecessor-version":[{"id":380,"href":"https:\/\/infobase.co.jp\/vi\/wp-json\/wp\/v2\/pages\/59\/revisions\/380"}],"up":[{"embeddable":true,"href":"https:\/\/infobase.co.jp\/vi\/wp-json\/wp\/v2\/pages\/28"}],"wp:featuredmedia":[{"embeddable":true,"href":"https:\/\/infobase.co.jp\/vi\/wp-json\/wp\/v2\/media\/361"}],"wp:attachment":[{"href":"https:\/\/infobase.co.jp\/vi\/wp-json\/wp\/v2\/media?parent=59"}],"curies":[{"name":"wp","href":"https:\/\/api.w.org\/{rel}","templated":true}]}}